{"id":10456,"date":"2025-12-27T14:40:35","date_gmt":"2025-12-27T14:40:35","guid":{"rendered":"https:\/\/k-beautyci.com\/?post_type=product&#038;p=10456"},"modified":"2026-01-12T18:18:48","modified_gmt":"2026-01-12T18:18:48","slug":"haruharu-wonder-rose-pdrn-soothing-serum-30ml","status":"publish","type":"product","link":"https:\/\/k-beautyci.com\/fr\/produit\/haruharu-wonder-rose-pdrn-soothing-serum-30ml\/","title":{"rendered":"Haruharu Wonder Rose PDRN Soothing Serum 30ml"},"content":{"rendered":"<p>Comment l'utiliser :<\/p>\n<ol>\n<li>Appliquez uniform\u00e9ment une quantit\u00e9 appropri\u00e9e sur une peau nettoy\u00e9e et s\u00e8che apr\u00e8s avoir utilis\u00e9 un tonique.<\/li>\n<li>Massez d\u00e9licatement la peau en \u00e9vitant le contour des yeux et de la bouche, puis tapotez pour faire p\u00e9n\u00e9trer le produit.<\/li>\n<\/ol>\n<p>Avertissement : Pour usage externe uniquement. Toujours effectuer un test \u00e9picutan\u00e9. Cessez d'utiliser le produit si vous ressentez une quelconque g\u00eane. Suivre les instructions suppl\u00e9mentaires figurant sur l'emballage. Les r\u00e9sultats individuels peuvent varier.<\/p>","protected":false},"excerpt":{"rendered":"<p>Au cas o\u00f9 vous ne le sauriez pas, le PDRN (d\u00e9riv\u00e9 de sources marines ou v\u00e9g\u00e9tales) fait fureur dans le monde de la K-Beauty ! Le s\u00e9rum apaisant Rose PDRN de haruharu wonder contient cet ingr\u00e9dient superstar rajeunissant pour la peau, associ\u00e9 \u00e0 de l'acide az\u00e9la\u00efque pour ses effets apaisants et stimulants sur l'\u00e9lasticit\u00e9 de la peau. Id\u00e9ale pour les peaux fatigu\u00e9es, cette formule stimule le renouvellement cellulaire tout en hydratant en profondeur gr\u00e2ce au squalane et au panth\u00e9nol. Sans colorants synth\u00e9tiques, alcools ni huiles min\u00e9rales, ce s\u00e9rum l\u00e9ger convient \u00e0 tous les types de peau.<\/p>","protected":false},"featured_media":10460,"comment_status":"open","ping_status":"closed","template":"","meta":{"om_disable_all_campaigns":false},"product_brand":[],"product_cat":[60,165,31,152,238],"product_tag":[],"class_list":{"0":"post-10456","1":"product","2":"type-product","3":"status-publish","4":"has-post-thumbnail","6":"product_cat-acne","7":"product_cat-azelaic-acid","8":"product_cat-face-serums","9":"product_cat-haruharu-wonder","10":"product_cat-pdrn","12":"first","13":"instock","14":"shipping-taxable","15":"purchasable","16":"product-type-simple"},"aioseo_notices":[],"jetpack_sharing_enabled":true,"_links":{"self":[{"href":"https:\/\/k-beautyci.com\/fr\/wp-json\/wp\/v2\/product\/10456","targetHints":{"allow":["GET"]}}],"collection":[{"href":"https:\/\/k-beautyci.com\/fr\/wp-json\/wp\/v2\/product"}],"about":[{"href":"https:\/\/k-beautyci.com\/fr\/wp-json\/wp\/v2\/types\/product"}],"replies":[{"embeddable":true,"href":"https:\/\/k-beautyci.com\/fr\/wp-json\/wp\/v2\/comments?post=10456"}],"wp:featuredmedia":[{"embeddable":true,"href":"https:\/\/k-beautyci.com\/fr\/wp-json\/wp\/v2\/media\/10460"}],"wp:attachment":[{"href":"https:\/\/k-beautyci.com\/fr\/wp-json\/wp\/v2\/media?parent=10456"}],"wp:term":[{"taxonomy":"product_brand","embeddable":true,"href":"https:\/\/k-beautyci.com\/fr\/wp-json\/wp\/v2\/product_brand?post=10456"},{"taxonomy":"product_cat","embeddable":true,"href":"https:\/\/k-beautyci.com\/fr\/wp-json\/wp\/v2\/product_cat?post=10456"},{"taxonomy":"product_tag","embeddable":true,"href":"https:\/\/k-beautyci.com\/fr\/wp-json\/wp\/v2\/product_tag?post=10456"}],"curies":[{"name":"wp","href":"https:\/\/api.w.org\/{rel}","templated":true}]}}