{"id":10447,"date":"2025-12-27T14:25:28","date_gmt":"2025-12-27T14:25:28","guid":{"rendered":"https:\/\/k-beautyci.com\/?post_type=product&#038;p=10447"},"modified":"2026-03-17T06:26:23","modified_gmt":"2026-03-17T06:26:23","slug":"haruharu-wonder-black-rice-probiotics-barrier-nad-serum-mist-80ml","status":"publish","type":"product","link":"https:\/\/k-beautyci.com\/fr\/produit\/haruharu-wonder-black-rice-probiotics-barrier-nad-serum-mist-80ml\/","title":{"rendered":"Haruharu Wonder Black Rice Probiotics Barrier NAD+ Serum Mist 80ml"},"content":{"rendered":"<p><b>Comment l'utiliser :<\/b><br \/>\n1. Bien agiter le vaporisateur avant utilisation.<\/p>\n<p>2. Vaporisez le contenu uniform\u00e9ment sur votre visage et votre cou.<\/p>\n<p>Avertissement : Pour usage externe uniquement. Toujours effectuer un test \u00e9picutan\u00e9. Cessez d'utiliser le produit si vous ressentez une quelconque g\u00eane. Suivre les instructions suppl\u00e9mentaires figurant sur l'emballage. Les r\u00e9sultats individuels peuvent varier.<\/p>","protected":false},"excerpt":{"rendered":"<p>Une brume s\u00e9rum revitalisante vegan formul\u00e9e avec du NAD+ et un complexe de 5 c\u00e9ramides pour hydrater et maintenir l'hydratation, tout en rajeunissant les peaux ternes gr\u00e2ce \u00e0 ses propri\u00e9t\u00e9s anti-\u00e2ge. Enrichie en filtrat de fermentation de Galactomyces et en filtrat de fermentation de Bifida pour apaiser les peaux sensibles et affiner le grain de peau irr\u00e9gulier, tout en am\u00e9liorant l'\u00e9lasticit\u00e9 de la peau.<\/p>","protected":false},"featured_media":10454,"comment_status":"open","ping_status":"closed","template":"","meta":{"om_disable_all_campaigns":false},"product_brand":[],"product_cat":[57,148,31,152,238],"product_tag":[],"class_list":{"0":"post-10447","1":"product","2":"type-product","3":"status-publish","4":"has-post-thumbnail","6":"product_cat-anti-aging","7":"product_cat-ceramide","8":"product_cat-face-serums","9":"product_cat-haruharu-wonder","10":"product_cat-pdrn","12":"first","13":"outofstock","14":"shipping-taxable","15":"purchasable","16":"product-type-simple"},"aioseo_notices":[],"jetpack_sharing_enabled":true,"_links":{"self":[{"href":"https:\/\/k-beautyci.com\/fr\/wp-json\/wp\/v2\/product\/10447","targetHints":{"allow":["GET"]}}],"collection":[{"href":"https:\/\/k-beautyci.com\/fr\/wp-json\/wp\/v2\/product"}],"about":[{"href":"https:\/\/k-beautyci.com\/fr\/wp-json\/wp\/v2\/types\/product"}],"replies":[{"embeddable":true,"href":"https:\/\/k-beautyci.com\/fr\/wp-json\/wp\/v2\/comments?post=10447"}],"wp:featuredmedia":[{"embeddable":true,"href":"https:\/\/k-beautyci.com\/fr\/wp-json\/wp\/v2\/media\/10454"}],"wp:attachment":[{"href":"https:\/\/k-beautyci.com\/fr\/wp-json\/wp\/v2\/media?parent=10447"}],"wp:term":[{"taxonomy":"product_brand","embeddable":true,"href":"https:\/\/k-beautyci.com\/fr\/wp-json\/wp\/v2\/product_brand?post=10447"},{"taxonomy":"product_cat","embeddable":true,"href":"https:\/\/k-beautyci.com\/fr\/wp-json\/wp\/v2\/product_cat?post=10447"},{"taxonomy":"product_tag","embeddable":true,"href":"https:\/\/k-beautyci.com\/fr\/wp-json\/wp\/v2\/product_tag?post=10447"}],"curies":[{"name":"wp","href":"https:\/\/api.w.org\/{rel}","templated":true}]}}