{"id":10427,"date":"2025-12-27T13:23:29","date_gmt":"2025-12-27T13:23:29","guid":{"rendered":"https:\/\/k-beautyci.com\/?post_type=product&#038;p=10427"},"modified":"2025-12-31T01:02:39","modified_gmt":"2025-12-31T01:02:39","slug":"dr-melaxin-tx-peeling-toner","status":"publish","type":"product","link":"https:\/\/k-beautyci.com\/fr\/produit\/dr-melaxin-tx-peeling-toner\/","title":{"rendered":"Dr.Melaxin TX Peeling Toner"},"content":{"rendered":"<p>Comment l'utiliser :<\/p>\n<p>Apr\u00e8s avoir nettoy\u00e9 la peau, agitez doucement pour m\u00e9langer le contenu, puis appliquez une quantit\u00e9 appropri\u00e9e sur la peau et laissez p\u00e9n\u00e9trer.<\/p>\n<p>Avertissement : Pour usage externe uniquement. Toujours effectuer un test \u00e9picutan\u00e9. Cessez d'utiliser le produit si vous ressentez une quelconque g\u00eane. Suivre les instructions suppl\u00e9mentaires figurant sur l'emballage. Les r\u00e9sultats individuels peuvent varier.<\/p>","protected":false},"excerpt":{"rendered":"<p>Reconnu pour ses propri\u00e9t\u00e9s \u00e9claircissantes et anti-rides, ce produit contient des concentrations \u00e9lev\u00e9es d'acide tranexamique (TX) et de niacinamide pour estomper les taches de rousseur, lisser le grain de peau gr\u00e2ce \u00e0 des exfoliants AHA\/BHA\/PHA\/LHA et hydrater durablement. Il est con\u00e7u pour \u00eatre agit\u00e9 et utilis\u00e9 quotidiennement afin d'obtenir une peau plus claire et plus \u00e9clatante.<span class=\"uJ19be notranslate\" data-wiz-uids=\"oxi8Je_g,oxi8Je_h,oxi8Je_i\"><span class=\"vKEkVd\" data-animation-atomic=\"\" data-wiz-attrbind=\"class=oxi8Je_g\/TKHnVd;\">\u00a0<\/span><\/span><\/p>","protected":false},"featured_media":10432,"comment_status":"open","ping_status":"closed","template":"","meta":{"om_disable_all_campaigns":false},"product_brand":[],"product_cat":[78,237,39,74,243],"product_tag":[],"class_list":{"0":"post-10427","1":"product","2":"type-product","3":"status-publish","4":"has-post-thumbnail","6":"product_cat-aha-bha","7":"product_cat-dr-melaxin","8":"product_cat-face-toners","9":"product_cat-niacinamide","10":"product_cat-tranxemic-acid-txa","12":"first","13":"instock","14":"shipping-taxable","15":"purchasable","16":"product-type-simple"},"aioseo_notices":[],"jetpack_sharing_enabled":true,"_links":{"self":[{"href":"https:\/\/k-beautyci.com\/fr\/wp-json\/wp\/v2\/product\/10427","targetHints":{"allow":["GET"]}}],"collection":[{"href":"https:\/\/k-beautyci.com\/fr\/wp-json\/wp\/v2\/product"}],"about":[{"href":"https:\/\/k-beautyci.com\/fr\/wp-json\/wp\/v2\/types\/product"}],"replies":[{"embeddable":true,"href":"https:\/\/k-beautyci.com\/fr\/wp-json\/wp\/v2\/comments?post=10427"}],"wp:featuredmedia":[{"embeddable":true,"href":"https:\/\/k-beautyci.com\/fr\/wp-json\/wp\/v2\/media\/10432"}],"wp:attachment":[{"href":"https:\/\/k-beautyci.com\/fr\/wp-json\/wp\/v2\/media?parent=10427"}],"wp:term":[{"taxonomy":"product_brand","embeddable":true,"href":"https:\/\/k-beautyci.com\/fr\/wp-json\/wp\/v2\/product_brand?post=10427"},{"taxonomy":"product_cat","embeddable":true,"href":"https:\/\/k-beautyci.com\/fr\/wp-json\/wp\/v2\/product_cat?post=10427"},{"taxonomy":"product_tag","embeddable":true,"href":"https:\/\/k-beautyci.com\/fr\/wp-json\/wp\/v2\/product_tag?post=10427"}],"curies":[{"name":"wp","href":"https:\/\/api.w.org\/{rel}","templated":true}]}}