{"id":10417,"date":"2025-12-27T00:41:43","date_gmt":"2025-12-27T00:41:43","guid":{"rendered":"https:\/\/k-beautyci.com\/?post_type=product&#038;p=10417"},"modified":"2026-01-18T22:43:46","modified_gmt":"2026-01-18T22:43:46","slug":"dr-althea-aqua-marine-deep-serum","status":"publish","type":"product","link":"https:\/\/k-beautyci.com\/fr\/produit\/dr-althea-aqua-marine-deep-serum\/","title":{"rendered":"Dr. Althea Aqua Marine Deep Serum"},"content":{"rendered":"<div class=\"accordion__header wb-break-word\">Comment l'utiliser :<\/div>\n<div class=\"accordion__header wb-break-word\">1. Appliquez 2 \u00e0 3 gouttes sur le visage et le cou apr\u00e8s le tonique.<\/div>\n<div id=\"acdnCtt-collapsible_item_xUVNxc\" class=\"accordion__content o-hidden rte js-accordion-content accordion-content ac-collapsible_item_xUVNxc false open\" tabindex=\"-1\" role=\"region\" aria-describedby=\"acdnTgr-collapsible_item_xUVNxc\">\n<p><span class=\"metafield-multi_line_text_field\">2. Terminez avec la cr\u00e8me hydratante Marine Watery Cream pour une hydratation suppl\u00e9mentaire.<\/span><\/p>\n<p>Avertissement : Pour usage externe uniquement. Toujours effectuer un test \u00e9picutan\u00e9. Cessez d'utiliser le produit si vous ressentez une quelconque g\u00eane. Suivre les instructions suppl\u00e9mentaires figurant sur l'emballage. Les r\u00e9sultats individuels peuvent varier.<\/p>\n<\/div>","protected":false},"excerpt":{"rendered":"<p>Un s\u00e9rum qui d\u00e9salt\u00e8re votre peau gr\u00e2ce \u00e0 sa teneur en eau de bambou \u00e0 70 %. Ce s\u00e9rum tire sa teinte bleue naturelle du guaiazul\u00e8ne, un ingr\u00e9dient d\u00e9riv\u00e9 de la camomille qui apaise et prot\u00e8ge la peau contre les irritants externes. Il est \u00e9galement enrichi en extrait de caviar vert et en panth\u00e9nol pour renforcer la barri\u00e8re cutan\u00e9e, ainsi qu'en PDRN v\u00e9g\u00e9talien et en extrait d'agave pour am\u00e9liorer l'\u00e9lasticit\u00e9 de la peau.<\/p>","protected":false},"featured_media":10426,"comment_status":"open","ping_status":"closed","template":"","meta":{"om_disable_all_campaigns":false},"product_brand":[],"product_cat":[207,31,69,223,238],"product_tag":[],"class_list":{"0":"post-10417","1":"product","2":"type-product","3":"status-publish","4":"has-post-thumbnail","6":"product_cat-dr-althea","7":"product_cat-face-serums","8":"product_cat-hyaluronic-acid","9":"product_cat-panthenol","10":"product_cat-pdrn","12":"first","13":"instock","14":"shipping-taxable","15":"purchasable","16":"product-type-simple"},"aioseo_notices":[],"jetpack_sharing_enabled":true,"_links":{"self":[{"href":"https:\/\/k-beautyci.com\/fr\/wp-json\/wp\/v2\/product\/10417","targetHints":{"allow":["GET"]}}],"collection":[{"href":"https:\/\/k-beautyci.com\/fr\/wp-json\/wp\/v2\/product"}],"about":[{"href":"https:\/\/k-beautyci.com\/fr\/wp-json\/wp\/v2\/types\/product"}],"replies":[{"embeddable":true,"href":"https:\/\/k-beautyci.com\/fr\/wp-json\/wp\/v2\/comments?post=10417"}],"wp:featuredmedia":[{"embeddable":true,"href":"https:\/\/k-beautyci.com\/fr\/wp-json\/wp\/v2\/media\/10426"}],"wp:attachment":[{"href":"https:\/\/k-beautyci.com\/fr\/wp-json\/wp\/v2\/media?parent=10417"}],"wp:term":[{"taxonomy":"product_brand","embeddable":true,"href":"https:\/\/k-beautyci.com\/fr\/wp-json\/wp\/v2\/product_brand?post=10417"},{"taxonomy":"product_cat","embeddable":true,"href":"https:\/\/k-beautyci.com\/fr\/wp-json\/wp\/v2\/product_cat?post=10417"},{"taxonomy":"product_tag","embeddable":true,"href":"https:\/\/k-beautyci.com\/fr\/wp-json\/wp\/v2\/product_tag?post=10417"}],"curies":[{"name":"wp","href":"https:\/\/api.w.org\/{rel}","templated":true}]}}