{"id":10408,"date":"2025-12-27T00:12:28","date_gmt":"2025-12-27T00:12:28","guid":{"rendered":"https:\/\/k-beautyci.com\/?post_type=product&#038;p=10408"},"modified":"2026-04-12T17:22:43","modified_gmt":"2026-04-12T17:22:43","slug":"dr-althea-aqua-marine-jelly-mist","status":"publish","type":"product","link":"https:\/\/k-beautyci.com\/fr\/produit\/dr-althea-aqua-marine-jelly-mist\/","title":{"rendered":"Dr. Althea Aqua Marine Jelly Mist"},"content":{"rendered":"<p><b>Comment l'utiliser :<\/b><\/p>\n<p>Bien agiter pour m\u00e9langer la formule avant utilisation, puis vaporiser uniform\u00e9ment sur le visage.<\/p>\n<p>Avertissement : Pour usage externe uniquement. Toujours effectuer un test \u00e9picutan\u00e9. Cessez d'utiliser le produit si vous ressentez une quelconque g\u00eane. Suivre les instructions suppl\u00e9mentaires figurant sur l'emballage. Les r\u00e9sultats individuels peuvent varier.<\/p>","protected":false},"excerpt":{"rendered":"<p>Une peau rebondie et \u00e9clatante de fra\u00eecheur en un seul spray ! L'hydratation et l'\u00e9lasticit\u00e9 contribuent toutes deux \u00e0 obtenir de tels r\u00e9sultats, et la brume Aqua Marine Jelly Mist du Dr Althea r\u00e9pond \u00e0 ces deux besoins. Cette brume l\u00e9g\u00e8re repulpe et r\u00e9hydrate votre peau gr\u00e2ce au PDRN v\u00e9g\u00e9talien, \u00e0 l'eau de mer profonde et \u00e0 un complexe triple d'acide hyaluronique. Sa formule gel-eau vous offre \u00e9galement un teint \u00e9clatant ! En plus d'\u00eatre un hydratant et un booster d'\u00e9clat, la brume gel peut \u00e9galement servir de base de maquillage pour fixer un teint parfaitement frais.<\/p>","protected":false},"featured_media":10416,"comment_status":"open","ping_status":"closed","template":"","meta":{"om_disable_all_campaigns":false},"product_brand":[],"product_cat":[207,69,238],"product_tag":[],"class_list":{"0":"post-10408","1":"product","2":"type-product","3":"status-publish","4":"has-post-thumbnail","6":"product_cat-dr-althea","7":"product_cat-hyaluronic-acid","8":"product_cat-pdrn","10":"first","11":"outofstock","12":"shipping-taxable","13":"purchasable","14":"product-type-simple"},"aioseo_notices":[],"jetpack_sharing_enabled":true,"_links":{"self":[{"href":"https:\/\/k-beautyci.com\/fr\/wp-json\/wp\/v2\/product\/10408","targetHints":{"allow":["GET"]}}],"collection":[{"href":"https:\/\/k-beautyci.com\/fr\/wp-json\/wp\/v2\/product"}],"about":[{"href":"https:\/\/k-beautyci.com\/fr\/wp-json\/wp\/v2\/types\/product"}],"replies":[{"embeddable":true,"href":"https:\/\/k-beautyci.com\/fr\/wp-json\/wp\/v2\/comments?post=10408"}],"wp:featuredmedia":[{"embeddable":true,"href":"https:\/\/k-beautyci.com\/fr\/wp-json\/wp\/v2\/media\/10416"}],"wp:attachment":[{"href":"https:\/\/k-beautyci.com\/fr\/wp-json\/wp\/v2\/media?parent=10408"}],"wp:term":[{"taxonomy":"product_brand","embeddable":true,"href":"https:\/\/k-beautyci.com\/fr\/wp-json\/wp\/v2\/product_brand?post=10408"},{"taxonomy":"product_cat","embeddable":true,"href":"https:\/\/k-beautyci.com\/fr\/wp-json\/wp\/v2\/product_cat?post=10408"},{"taxonomy":"product_tag","embeddable":true,"href":"https:\/\/k-beautyci.com\/fr\/wp-json\/wp\/v2\/product_tag?post=10408"}],"curies":[{"name":"wp","href":"https:\/\/api.w.org\/{rel}","templated":true}]}}