{"id":10402,"date":"2025-12-26T23:57:54","date_gmt":"2025-12-26T23:57:54","guid":{"rendered":"https:\/\/k-beautyci.com\/?post_type=product&#038;p=10402"},"modified":"2026-03-13T18:48:52","modified_gmt":"2026-03-13T18:48:52","slug":"centellian24-360o-shot-pdrn-active-serum-50ml","status":"publish","type":"product","link":"https:\/\/k-beautyci.com\/fr\/produit\/centellian24-360o-shot-pdrn-active-serum-50ml\/","title":{"rendered":"Centellian24 360\u00ba Shot PDRN Active Serum 50ml"},"content":{"rendered":"<p>Comment l'utiliser :<\/p>\n<p>Apr\u00e8s avoir appliqu\u00e9 le tonique matin et soir, prenez une quantit\u00e9 appropri\u00e9e de produit et appliquez-le d\u00e9licatement sur votre peau, en suivant la texture de l'int\u00e9rieur vers l'ext\u00e9rieur.<\/p>\n<p>Avertissement : Pour usage externe uniquement. Toujours effectuer un test \u00e9picutan\u00e9. Cessez d'utiliser le produit si vous ressentez une quelconque g\u00eane. Suivre les instructions suppl\u00e9mentaires figurant sur l'emballage. Les r\u00e9sultats individuels peuvent varier.<\/p>","protected":false},"excerpt":{"rendered":"<p>Dites adieu aux ridules ! Lifting intensif pour 6 zones cl\u00e9s avec soin raffermissant : aide \u00e0 lifter et raffermir six zones cl\u00e9s touch\u00e9es par le vieillissement (front, contour des yeux, joues, bouche, sillons nasog\u00e9niens, menton), pour un effet lifting 3D et une peau plus ferme. Recommand\u00e9 pour les zones de la peau qui s'affaissent avec l'\u00e2ge (front, contour des yeux, joues, contour de la bouche et sous le menton). Combattez les signes du vieillissement avec ce s\u00e9rum enrichi en PDRN, en collag\u00e8ne, en \u00e9lastine et en extrait de racine de ginseng pour minimiser les ridules et affiner le grain de peau. Le c\u00e9ramide NP et le ferment de lactobacille renforcent la peau, tandis que la niacinamide et l'extrait de racine de curcuma am\u00e9liorent son \u00e9clat. La formule hypoallerg\u00e9nique convient \u00e0 tous les types de peau, y compris les peaux sensibles.<\/p>","protected":false},"featured_media":10407,"comment_status":"open","ping_status":"closed","template":"","meta":{"om_disable_all_campaigns":false},"product_brand":[],"product_cat":[57,263,31,238],"product_tag":[],"class_list":{"0":"post-10402","1":"product","2":"type-product","3":"status-publish","4":"has-post-thumbnail","6":"product_cat-anti-aging","7":"product_cat-centellian24","8":"product_cat-face-serums","9":"product_cat-pdrn","11":"first","12":"instock","13":"shipping-taxable","14":"purchasable","15":"product-type-simple"},"aioseo_notices":[],"jetpack_sharing_enabled":true,"_links":{"self":[{"href":"https:\/\/k-beautyci.com\/fr\/wp-json\/wp\/v2\/product\/10402","targetHints":{"allow":["GET"]}}],"collection":[{"href":"https:\/\/k-beautyci.com\/fr\/wp-json\/wp\/v2\/product"}],"about":[{"href":"https:\/\/k-beautyci.com\/fr\/wp-json\/wp\/v2\/types\/product"}],"replies":[{"embeddable":true,"href":"https:\/\/k-beautyci.com\/fr\/wp-json\/wp\/v2\/comments?post=10402"}],"wp:featuredmedia":[{"embeddable":true,"href":"https:\/\/k-beautyci.com\/fr\/wp-json\/wp\/v2\/media\/10407"}],"wp:attachment":[{"href":"https:\/\/k-beautyci.com\/fr\/wp-json\/wp\/v2\/media?parent=10402"}],"wp:term":[{"taxonomy":"product_brand","embeddable":true,"href":"https:\/\/k-beautyci.com\/fr\/wp-json\/wp\/v2\/product_brand?post=10402"},{"taxonomy":"product_cat","embeddable":true,"href":"https:\/\/k-beautyci.com\/fr\/wp-json\/wp\/v2\/product_cat?post=10402"},{"taxonomy":"product_tag","embeddable":true,"href":"https:\/\/k-beautyci.com\/fr\/wp-json\/wp\/v2\/product_tag?post=10402"}],"curies":[{"name":"wp","href":"https:\/\/api.w.org\/{rel}","templated":true}]}}