{"id":10372,"date":"2025-12-25T16:40:02","date_gmt":"2025-12-25T16:40:02","guid":{"rendered":"https:\/\/k-beautyci.com\/?post_type=product&#038;p=10372"},"modified":"2026-03-13T10:49:24","modified_gmt":"2026-03-13T10:49:24","slug":"centellian24-madeca-cream-time-reverse-zero-80ml","status":"publish","type":"product","link":"https:\/\/k-beautyci.com\/fr\/produit\/centellian24-madeca-cream-time-reverse-zero-80ml\/","title":{"rendered":"Centellian24 Madeca Cream Time Reverse Zero 80ml"},"content":{"rendered":"<p><b>Comment l'utiliser :<\/b><\/p>\n<p>\u00c0 la derni\u00e8re \u00e9tape de votre routine de soins, appliquez une quantit\u00e9 appropri\u00e9e sur la peau et tapotez l\u00e9g\u00e8rement pour favoriser l'absorption.<\/p>\n<p>Avertissement : Pour usage externe uniquement. Toujours effectuer un test \u00e9picutan\u00e9. Cessez d'utiliser le produit si vous ressentez une quelconque g\u00eane. Suivre les instructions suppl\u00e9mentaires figurant sur l'emballage. Les r\u00e9sultats individuels peuvent varier.<\/p>","protected":false},"excerpt":{"rendered":"<p>Tous les bienfaits anti-\u00e2ge de la cr\u00e8me Time Reversal Cream, d\u00e9sormais dans une formule estivale l\u00e9g\u00e8re ! Texture hydratante avec Triple ZERO : sans sensation collante, sans irritation cutan\u00e9e, sans stress d\u00fb aux frottements. Destin\u00e9e aux consommateurs de la g\u00e9n\u00e9ration Z confront\u00e9s \u00e0 un vieillissement cutan\u00e9 acc\u00e9l\u00e9r\u00e9 en raison de changements de mode de vie. Une cr\u00e8me hydratante et apaisante nouvelle g\u00e9n\u00e9ration qui marque le d\u00e9but de votre routine de soins anti-\u00e2ge.<\/p>","protected":false},"featured_media":10375,"comment_status":"open","ping_status":"closed","template":"","meta":{"om_disable_all_campaigns":false},"product_brand":[],"product_cat":[263,148,26],"product_tag":[],"class_list":{"0":"post-10372","1":"product","2":"type-product","3":"status-publish","4":"has-post-thumbnail","6":"product_cat-centellian24","7":"product_cat-ceramide","8":"product_cat-face-moisturizer","10":"first","11":"outofstock","12":"sale","13":"shipping-taxable","14":"purchasable","15":"product-type-simple"},"aioseo_notices":[],"jetpack_sharing_enabled":true,"_links":{"self":[{"href":"https:\/\/k-beautyci.com\/fr\/wp-json\/wp\/v2\/product\/10372","targetHints":{"allow":["GET"]}}],"collection":[{"href":"https:\/\/k-beautyci.com\/fr\/wp-json\/wp\/v2\/product"}],"about":[{"href":"https:\/\/k-beautyci.com\/fr\/wp-json\/wp\/v2\/types\/product"}],"replies":[{"embeddable":true,"href":"https:\/\/k-beautyci.com\/fr\/wp-json\/wp\/v2\/comments?post=10372"}],"wp:featuredmedia":[{"embeddable":true,"href":"https:\/\/k-beautyci.com\/fr\/wp-json\/wp\/v2\/media\/10375"}],"wp:attachment":[{"href":"https:\/\/k-beautyci.com\/fr\/wp-json\/wp\/v2\/media?parent=10372"}],"wp:term":[{"taxonomy":"product_brand","embeddable":true,"href":"https:\/\/k-beautyci.com\/fr\/wp-json\/wp\/v2\/product_brand?post=10372"},{"taxonomy":"product_cat","embeddable":true,"href":"https:\/\/k-beautyci.com\/fr\/wp-json\/wp\/v2\/product_cat?post=10372"},{"taxonomy":"product_tag","embeddable":true,"href":"https:\/\/k-beautyci.com\/fr\/wp-json\/wp\/v2\/product_tag?post=10372"}],"curies":[{"name":"wp","href":"https:\/\/api.w.org\/{rel}","templated":true}]}}