{"id":10367,"date":"2025-12-25T16:41:53","date_gmt":"2025-12-25T16:41:53","guid":{"rendered":"https:\/\/k-beautyci.com\/?post_type=product&#038;p=10367"},"modified":"2026-01-30T17:04:08","modified_gmt":"2026-01-30T17:04:08","slug":"centellian-24-madeca-mela-capture-ampoule-capsule-cream-55ml","status":"publish","type":"product","link":"https:\/\/k-beautyci.com\/fr\/produit\/centellian-24-madeca-mela-capture-ampoule-capsule-cream-55ml\/","title":{"rendered":"Centellian 24 Madeca Mela Capture Ampoule Capsule Cream 55ml"},"content":{"rendered":"<p>Comment l'utiliser :<\/p>\n<p>1. \u00c0 la derni\u00e8re \u00e9tape de votre routine de soins, prenez une quantit\u00e9 appropri\u00e9e de la capsule ampoule blanche et de la cr\u00e8me gel rose, m\u00e9langez-les uniform\u00e9ment, puis appliquez d\u00e9licatement sur l'ensemble du visage.<\/p>\n<p>2. Pour un soin am\u00e9lior\u00e9 des taches brunes, utilisez en association avec l'ampoule Mela Capture.<\/p>\n<p class=\"translation-block\">3. En fonction des probl\u00e8mes de peau et des effets souhait\u00e9s, ajustez le rapport entre la capsule ampoule blanche et la cr\u00e8me gel rose. \u2013 Lorsque les taches brunes sont le principal probl\u00e8me, augmentez la proportion de capsule ampoule blanche.\n\u2013 Lorsque la fermet\u00e9 est le principal probl\u00e8me, augmentez la proportion de cr\u00e8me gel rose.<\/p>\n<p class=\"translation-block\">4. Ajustez le nombre de capsules d'ampoule blanche en fonction de la texture et du niveau d'hydratation que vous pr\u00e9f\u00e9rez.\n\u2013 Pour un soin quotidien, utilisez 1 capsule d'ampoule blanche.\n\u2013 Pour une hydratation intensive, utilisez 2 capsules d'ampoule blanche.<\/p>\n<p>Avertissement : Pour usage externe uniquement. Toujours effectuer un test \u00e9picutan\u00e9. Cessez d'utiliser le produit si vous ressentez une quelconque g\u00eane. Suivre les instructions suppl\u00e9mentaires figurant sur l'emballage. Les r\u00e9sultats individuels peuvent varier.<\/p>","protected":false},"excerpt":{"rendered":"<p>Une cr\u00e8me puissante qui aide \u00e0 att\u00e9nuer les taches brunes \u00e0 la surface et en profondeur de la peau, tout en tonifiant le cou. Formul\u00e9e avec deux fois plus d'ingr\u00e9dients \u00e9claircissants cl\u00e9s que l'ampoule n\u00b0 1 de DongKook\u2122 contre les imperfections et les taches brunes, elle combine 76 capsules d'ampoule blanche infus\u00e9es avec les principes actifs de l'ampoule Mela Capture et une cr\u00e8me gel rose, offrant une texture ferme et rebondissante.<\/p>","protected":false},"featured_media":10371,"comment_status":"open","ping_status":"closed","template":"","meta":{"om_disable_all_campaigns":false},"product_brand":[],"product_cat":[57,263,148,52,26,69,238],"product_tag":[],"class_list":{"0":"post-10367","1":"product","2":"type-product","3":"status-publish","4":"has-post-thumbnail","6":"product_cat-anti-aging","7":"product_cat-centellian24","8":"product_cat-ceramide","9":"product_cat-dark-spots","10":"product_cat-face-moisturizer","11":"product_cat-hyaluronic-acid","12":"product_cat-pdrn","14":"first","15":"instock","16":"sale","17":"shipping-taxable","18":"purchasable","19":"product-type-simple"},"aioseo_notices":[],"jetpack_sharing_enabled":true,"_links":{"self":[{"href":"https:\/\/k-beautyci.com\/fr\/wp-json\/wp\/v2\/product\/10367","targetHints":{"allow":["GET"]}}],"collection":[{"href":"https:\/\/k-beautyci.com\/fr\/wp-json\/wp\/v2\/product"}],"about":[{"href":"https:\/\/k-beautyci.com\/fr\/wp-json\/wp\/v2\/types\/product"}],"replies":[{"embeddable":true,"href":"https:\/\/k-beautyci.com\/fr\/wp-json\/wp\/v2\/comments?post=10367"}],"wp:featuredmedia":[{"embeddable":true,"href":"https:\/\/k-beautyci.com\/fr\/wp-json\/wp\/v2\/media\/10371"}],"wp:attachment":[{"href":"https:\/\/k-beautyci.com\/fr\/wp-json\/wp\/v2\/media?parent=10367"}],"wp:term":[{"taxonomy":"product_brand","embeddable":true,"href":"https:\/\/k-beautyci.com\/fr\/wp-json\/wp\/v2\/product_brand?post=10367"},{"taxonomy":"product_cat","embeddable":true,"href":"https:\/\/k-beautyci.com\/fr\/wp-json\/wp\/v2\/product_cat?post=10367"},{"taxonomy":"product_tag","embeddable":true,"href":"https:\/\/k-beautyci.com\/fr\/wp-json\/wp\/v2\/product_tag?post=10367"}],"curies":[{"name":"wp","href":"https:\/\/api.w.org\/{rel}","templated":true}]}}