{"id":10356,"date":"2025-12-24T22:33:58","date_gmt":"2025-12-24T22:33:58","guid":{"rendered":"https:\/\/k-beautyci.com\/?post_type=product&#038;p=10356"},"modified":"2026-02-17T01:48:25","modified_gmt":"2026-02-17T01:48:25","slug":"aprilskin-txa-niacinamide-99-night-wrapping-mask","status":"publish","type":"product","link":"https:\/\/k-beautyci.com\/fr\/produit\/aprilskin-txa-niacinamide-99-night-wrapping-mask\/","title":{"rendered":"APRILSKIN TXA Niacinamide 99 Night Wrapping Mask"},"content":{"rendered":"<p>Comment l'utiliser :<\/p>\n<p>En derni\u00e8re \u00e9tape de votre routine de soins du soir, appliquez le masque uniform\u00e9ment sur votre visage, en \u00e9vitant le contour des yeux et de la bouche. Laissez s\u00e9cher le masque pendant 15 minutes avant d'aller vous coucher. Le lendemain matin, retirez le masque ou rincez-le soigneusement.<\/p>\n<p>Avertissement : Pour usage externe uniquement. Toujours effectuer un test \u00e9picutan\u00e9. Cessez d'utiliser le produit si vous ressentez une quelconque g\u00eane. Suivre les instructions suppl\u00e9mentaires figurant sur l'emballage. Les r\u00e9sultats individuels peuvent varier.<\/p>","protected":false},"excerpt":{"rendered":"<p>\u00c9clairez votre teint pendant la nuit gr\u00e2ce \u00e0 ce masque de nuit ! Il contient de la niacinamide, de l'acide tranexamique et de la vitamine C pour \u00e9claircir le teint irr\u00e9gulier, affiner le grain de peau et resserrer les pores dilat\u00e9s. L'acide hyaluronique et le c\u00e9ramide NP, ingr\u00e9dients suppl\u00e9mentaires, apportent des propri\u00e9t\u00e9s hydratantes et renforcent la barri\u00e8re cutan\u00e9e. Les micro-spicules contenues dans la formule aident les ingr\u00e9dients actifs \u00e0 p\u00e9n\u00e9trer profond\u00e9ment dans la couche dermique de la peau pour des r\u00e9sultats optimaux. Test\u00e9 cliniquement pour convenir \u00e0 tous les types de peau, y compris les peaux sensibles.<\/p>","protected":false},"featured_media":10363,"comment_status":"open","ping_status":"closed","template":"","meta":{"om_disable_all_campaigns":false},"product_brand":[],"product_cat":[251,148,61,62,69,74,243],"product_tag":[],"class_list":{"0":"post-10356","1":"product","2":"type-product","3":"status-publish","4":"has-post-thumbnail","6":"product_cat-aprilskin","7":"product_cat-ceramide","8":"product_cat-face-exfoliator-peels-scrubs","9":"product_cat-face-masks","10":"product_cat-hyaluronic-acid","11":"product_cat-niacinamide","12":"product_cat-tranxemic-acid-txa","14":"first","15":"instock","16":"shipping-taxable","17":"purchasable","18":"product-type-simple"},"aioseo_notices":[],"jetpack_sharing_enabled":true,"_links":{"self":[{"href":"https:\/\/k-beautyci.com\/fr\/wp-json\/wp\/v2\/product\/10356","targetHints":{"allow":["GET"]}}],"collection":[{"href":"https:\/\/k-beautyci.com\/fr\/wp-json\/wp\/v2\/product"}],"about":[{"href":"https:\/\/k-beautyci.com\/fr\/wp-json\/wp\/v2\/types\/product"}],"replies":[{"embeddable":true,"href":"https:\/\/k-beautyci.com\/fr\/wp-json\/wp\/v2\/comments?post=10356"}],"wp:featuredmedia":[{"embeddable":true,"href":"https:\/\/k-beautyci.com\/fr\/wp-json\/wp\/v2\/media\/10363"}],"wp:attachment":[{"href":"https:\/\/k-beautyci.com\/fr\/wp-json\/wp\/v2\/media?parent=10356"}],"wp:term":[{"taxonomy":"product_brand","embeddable":true,"href":"https:\/\/k-beautyci.com\/fr\/wp-json\/wp\/v2\/product_brand?post=10356"},{"taxonomy":"product_cat","embeddable":true,"href":"https:\/\/k-beautyci.com\/fr\/wp-json\/wp\/v2\/product_cat?post=10356"},{"taxonomy":"product_tag","embeddable":true,"href":"https:\/\/k-beautyci.com\/fr\/wp-json\/wp\/v2\/product_tag?post=10356"}],"curies":[{"name":"wp","href":"https:\/\/api.w.org\/{rel}","templated":true}]}}