{"id":10259,"date":"2025-12-07T22:40:43","date_gmt":"2025-12-07T22:40:43","guid":{"rendered":"https:\/\/k-beautyci.com\/?post_type=product&#038;p=10259"},"modified":"2026-01-21T15:00:17","modified_gmt":"2026-01-21T15:00:17","slug":"frankly-pdrn-bounce-ball-serum","status":"publish","type":"product","link":"https:\/\/k-beautyci.com\/fr\/produit\/frankly-pdrn-bounce-ball-serum\/","title":{"rendered":"FRANKLY PDRN Bounce Ball Serum"},"content":{"rendered":"<p>Comment l'utiliser :<\/p>\n<p>Utilisez matin et soir. Apr\u00e8s avoir nettoy\u00e9 votre peau, agitez le s\u00e9rum pour m\u00e9langer les billes d'huile \u00e0 l'essence hydratante. Appliquez une quantit\u00e9 appropri\u00e9e sur votre peau et tapotez doucement pour faciliter l'absorption.<\/p>\n<p>Avertissement : Pour usage externe uniquement. Toujours effectuer un test \u00e9picutan\u00e9. Cessez d'utiliser le produit si vous ressentez une quelconque g\u00eane. Suivre les instructions suppl\u00e9mentaires figurant sur l'emballage. Les r\u00e9sultats individuels peuvent varier.<\/p>","protected":false},"excerpt":{"rendered":"<p>Ce s\u00e9rum \u00e9clatant enrichi en PDRN de saumon combat les signes visibles du vieillissement tels que les rides, le rel\u00e2chement cutan\u00e9 et le teint terne. Sa formule \u00e9quilibr\u00e9e contient un riche m\u00e9lange d'agents hydratants et apaisants qui apportent l\u00e9g\u00e8ret\u00e9 et apaisement \u00e0 tous les types de peau.<\/p>","protected":false},"featured_media":10265,"comment_status":"open","ping_status":"closed","template":"","meta":{"om_disable_all_campaigns":false},"product_brand":[],"product_cat":[25,31,238,36],"product_tag":[],"class_list":{"0":"post-10259","1":"product","2":"type-product","3":"status-publish","4":"has-post-thumbnail","6":"product_cat-asian-brands","7":"product_cat-face-serums","8":"product_cat-pdrn","9":"product_cat-sensitive-skin","11":"first","12":"instock","13":"sale","14":"shipping-taxable","15":"purchasable","16":"product-type-simple"},"aioseo_notices":[],"jetpack_sharing_enabled":true,"_links":{"self":[{"href":"https:\/\/k-beautyci.com\/fr\/wp-json\/wp\/v2\/product\/10259","targetHints":{"allow":["GET"]}}],"collection":[{"href":"https:\/\/k-beautyci.com\/fr\/wp-json\/wp\/v2\/product"}],"about":[{"href":"https:\/\/k-beautyci.com\/fr\/wp-json\/wp\/v2\/types\/product"}],"replies":[{"embeddable":true,"href":"https:\/\/k-beautyci.com\/fr\/wp-json\/wp\/v2\/comments?post=10259"}],"wp:featuredmedia":[{"embeddable":true,"href":"https:\/\/k-beautyci.com\/fr\/wp-json\/wp\/v2\/media\/10265"}],"wp:attachment":[{"href":"https:\/\/k-beautyci.com\/fr\/wp-json\/wp\/v2\/media?parent=10259"}],"wp:term":[{"taxonomy":"product_brand","embeddable":true,"href":"https:\/\/k-beautyci.com\/fr\/wp-json\/wp\/v2\/product_brand?post=10259"},{"taxonomy":"product_cat","embeddable":true,"href":"https:\/\/k-beautyci.com\/fr\/wp-json\/wp\/v2\/product_cat?post=10259"},{"taxonomy":"product_tag","embeddable":true,"href":"https:\/\/k-beautyci.com\/fr\/wp-json\/wp\/v2\/product_tag?post=10259"}],"curies":[{"name":"wp","href":"https:\/\/api.w.org\/{rel}","templated":true}]}}