{"id":10254,"date":"2025-12-07T22:28:30","date_gmt":"2025-12-07T22:28:30","guid":{"rendered":"https:\/\/k-beautyci.com\/?post_type=product&#038;p=10254"},"modified":"2026-03-09T15:39:35","modified_gmt":"2026-03-09T15:39:35","slug":"jumiso-niacinamide-5-overnight-cream","status":"publish","type":"product","link":"https:\/\/k-beautyci.com\/fr\/produit\/jumiso-niacinamide-5-overnight-cream\/","title":{"rendered":"JUMISO  Niacinamide 5+ Overnight Cream"},"content":{"rendered":"<p><b>Comment l'utiliser :<\/b><br \/>\n1. En guise de derni\u00e8re \u00e9tape de votre routine de soins nocturnes, prenez une quantit\u00e9 appropri\u00e9e de cr\u00e8me.<\/p>\n<p>2. Ajustez le rapport gel\/capsule \u00e0 votre convenance, en les m\u00e9langeant dans la paume de votre main.<\/p>\n<p>3. Appliquez d\u00e9licatement et uniform\u00e9ment sur le visage et le cou, puis massez pour faciliter l'absorption.<\/p>\n<p>Avertissement : Pour usage externe uniquement. Toujours effectuer un test \u00e9picutan\u00e9. Cessez d'utiliser le produit si vous ressentez une quelconque g\u00eane. Suivre les instructions suppl\u00e9mentaires figurant sur l'emballage. Les r\u00e9sultats individuels peuvent varier.<\/p>","protected":false},"excerpt":{"rendered":"<p>Une cr\u00e8me de nuit enrichie en niacinamide et en c\u00e9ramides pour aider \u00e0 r\u00e9duire visiblement les taches brunes et les ridules, tout en resserrant les pores et en boostant l'hydratation. Formul\u00e9e \u00e0 base de TXA et de glutathion pour cibler les marques post-acn\u00e9iques, elle am\u00e9liore la clart\u00e9 de la peau pour un teint plus uniforme et plus clair.<\/p>","protected":false},"featured_media":10256,"comment_status":"open","ping_status":"closed","template":"","meta":{"om_disable_all_campaigns":false},"product_brand":[],"product_cat":[148,52,26,257,153,74,243],"product_tag":[],"class_list":{"0":"post-10254","1":"product","2":"type-product","3":"status-publish","4":"has-post-thumbnail","6":"product_cat-ceramide","7":"product_cat-dark-spots","8":"product_cat-face-moisturizer","9":"product_cat-glutathione","10":"product_cat-jumiso","11":"product_cat-niacinamide","12":"product_cat-tranxemic-acid-txa","14":"first","15":"instock","16":"shipping-taxable","17":"purchasable","18":"product-type-simple"},"aioseo_notices":[],"jetpack_sharing_enabled":true,"_links":{"self":[{"href":"https:\/\/k-beautyci.com\/fr\/wp-json\/wp\/v2\/product\/10254","targetHints":{"allow":["GET"]}}],"collection":[{"href":"https:\/\/k-beautyci.com\/fr\/wp-json\/wp\/v2\/product"}],"about":[{"href":"https:\/\/k-beautyci.com\/fr\/wp-json\/wp\/v2\/types\/product"}],"replies":[{"embeddable":true,"href":"https:\/\/k-beautyci.com\/fr\/wp-json\/wp\/v2\/comments?post=10254"}],"wp:featuredmedia":[{"embeddable":true,"href":"https:\/\/k-beautyci.com\/fr\/wp-json\/wp\/v2\/media\/10256"}],"wp:attachment":[{"href":"https:\/\/k-beautyci.com\/fr\/wp-json\/wp\/v2\/media?parent=10254"}],"wp:term":[{"taxonomy":"product_brand","embeddable":true,"href":"https:\/\/k-beautyci.com\/fr\/wp-json\/wp\/v2\/product_brand?post=10254"},{"taxonomy":"product_cat","embeddable":true,"href":"https:\/\/k-beautyci.com\/fr\/wp-json\/wp\/v2\/product_cat?post=10254"},{"taxonomy":"product_tag","embeddable":true,"href":"https:\/\/k-beautyci.com\/fr\/wp-json\/wp\/v2\/product_tag?post=10254"}],"curies":[{"name":"wp","href":"https:\/\/api.w.org\/{rel}","templated":true}]}}