{"id":10244,"date":"2025-12-07T22:17:08","date_gmt":"2025-12-07T22:17:08","guid":{"rendered":"https:\/\/k-beautyci.com\/?post_type=product&#038;p=10244"},"modified":"2026-03-25T15:04:22","modified_gmt":"2026-03-25T15:04:22","slug":"anua-azelaic-acid-3-cica-skin-clarifying-toner","status":"publish","type":"product","link":"https:\/\/k-beautyci.com\/fr\/produit\/anua-azelaic-acid-3-cica-skin-clarifying-toner\/","title":{"rendered":"Anua Azelaic Acid 3 Cica Skin Clarifying Toner"},"content":{"rendered":"<p><b>Comment l'utiliser :<\/b><\/p>\n<p>Appliquez une quantit\u00e9 mod\u00e9r\u00e9e sur la peau et tapotez l\u00e9g\u00e8rement pour faciliter l'absorption.<\/p>\n<p>Avertissement : Pour usage externe uniquement. Toujours effectuer un test \u00e9picutan\u00e9. Cessez d'utiliser le produit si vous ressentez une quelconque g\u00eane. Suivre les instructions suppl\u00e9mentaires figurant sur l'emballage. Les r\u00e9sultats individuels peuvent varier.<\/p>","protected":false},"excerpt":{"rendered":"<p>D\u00e9couvrez le tonique apaisant aux nuances vertes que votre peau sensible attendait. Avec sa touche rafra\u00eechissante, il apaise instantan\u00e9ment, att\u00e9nue les rougeurs et laisse la peau calme, lisse et magnifiquement \u00e9quilibr\u00e9e.  Un esprit clair et une peau claire gr\u00e2ce au tonique clarifiant Azelaic Acid 3 Cica Skin Clarifying Toner d'Anua. Ce tonique apaisant est enrichi en acide az\u00e9la\u00efque \u00e0 3 %, en complexe 7-Cica et en acide glycolique pour soulager les peaux \u00e0 probl\u00e8mes, adoucir le grain de peau rugueux et pr\u00e9venir le dess\u00e8chement.<\/p>","protected":false},"featured_media":10252,"comment_status":"open","ping_status":"closed","template":"","meta":{"om_disable_all_campaigns":false},"product_brand":[],"product_cat":[60,183,165,88,52,39],"product_tag":[],"class_list":{"0":"post-10244","1":"product","2":"type-product","3":"status-publish","4":"has-post-thumbnail","6":"product_cat-acne","7":"product_cat-anua","8":"product_cat-azelaic-acid","9":"product_cat-centella","10":"product_cat-dark-spots","11":"product_cat-face-toners","13":"first","14":"outofstock","15":"shipping-taxable","16":"purchasable","17":"product-type-simple"},"aioseo_notices":[],"jetpack_sharing_enabled":true,"_links":{"self":[{"href":"https:\/\/k-beautyci.com\/fr\/wp-json\/wp\/v2\/product\/10244","targetHints":{"allow":["GET"]}}],"collection":[{"href":"https:\/\/k-beautyci.com\/fr\/wp-json\/wp\/v2\/product"}],"about":[{"href":"https:\/\/k-beautyci.com\/fr\/wp-json\/wp\/v2\/types\/product"}],"replies":[{"embeddable":true,"href":"https:\/\/k-beautyci.com\/fr\/wp-json\/wp\/v2\/comments?post=10244"}],"wp:featuredmedia":[{"embeddable":true,"href":"https:\/\/k-beautyci.com\/fr\/wp-json\/wp\/v2\/media\/10252"}],"wp:attachment":[{"href":"https:\/\/k-beautyci.com\/fr\/wp-json\/wp\/v2\/media?parent=10244"}],"wp:term":[{"taxonomy":"product_brand","embeddable":true,"href":"https:\/\/k-beautyci.com\/fr\/wp-json\/wp\/v2\/product_brand?post=10244"},{"taxonomy":"product_cat","embeddable":true,"href":"https:\/\/k-beautyci.com\/fr\/wp-json\/wp\/v2\/product_cat?post=10244"},{"taxonomy":"product_tag","embeddable":true,"href":"https:\/\/k-beautyci.com\/fr\/wp-json\/wp\/v2\/product_tag?post=10244"}],"curies":[{"name":"wp","href":"https:\/\/api.w.org\/{rel}","templated":true}]}}