{"id":10235,"date":"2025-12-07T21:19:20","date_gmt":"2025-12-07T21:19:20","guid":{"rendered":"https:\/\/k-beautyci.com\/?post_type=product&#038;p=10235"},"modified":"2025-12-07T21:19:20","modified_gmt":"2025-12-07T21:19:20","slug":"vt-reedle-shot-700","status":"publish","type":"product","link":"https:\/\/k-beautyci.com\/fr\/produit\/vt-reedle-shot-700\/","title":{"rendered":"VT Reedle Shot 700"},"content":{"rendered":"<p>Comment l'utiliser :<\/p>\n<ul>\n<li>Apr\u00e8s avoir nettoy\u00e9 votre visage, appliquez une petite quantit\u00e9 de VT Reedle Shot 700 de mani\u00e8re uniforme. Massez d\u00e9licatement jusqu'\u00e0 absorption compl\u00e8te.<\/li>\n<li>Pour obtenir les meilleurs r\u00e9sultats, utilisez le booster une fois par semaine afin de laisser \u00e0 votre peau le temps de se r\u00e9g\u00e9n\u00e9rer entre deux traitements.<\/li>\n<li>Ne pas utiliser avec des appareils de beaut\u00e9 et ne pas utiliser d'autres Reedle Shots le m\u00eame jour afin d'\u00e9viter toute irritation.<\/li>\n<\/ul>\n<p>Avertissement : Pour usage externe uniquement. Toujours effectuer un test \u00e9picutan\u00e9. Cessez d'utiliser le produit si vous ressentez une quelconque g\u00eane. Suivre les instructions suppl\u00e9mentaires figurant sur l'emballage. Les r\u00e9sultats individuels peuvent varier.<\/p>\n<p>&nbsp;<\/p>","protected":false},"excerpt":{"rendered":"<p>Les microparticules Tiny Cica Reedle\u2122 aident votre peau \u00e0 absorber plus efficacement les ingr\u00e9dients actifs, renfor\u00e7ant ainsi les r\u00e9sultats du reste de votre routine. Attendez-vous \u00e0 une texture plus lisse, moins de pores obstru\u00e9s et une peau plus ferme et plus fra\u00eeche.<\/p>","protected":false},"featured_media":10240,"comment_status":"open","ping_status":"closed","template":"","meta":{"om_disable_all_campaigns":false},"product_brand":[],"product_cat":[60,57,52,31,211],"product_tag":[],"class_list":{"0":"post-10235","1":"product","2":"type-product","3":"status-publish","4":"has-post-thumbnail","6":"product_cat-acne","7":"product_cat-anti-aging","8":"product_cat-dark-spots","9":"product_cat-face-serums","10":"product_cat-vt-cosmetics","12":"first","13":"instock","14":"shipping-taxable","15":"product-type-simple"},"aioseo_notices":[],"jetpack_sharing_enabled":true,"_links":{"self":[{"href":"https:\/\/k-beautyci.com\/fr\/wp-json\/wp\/v2\/product\/10235","targetHints":{"allow":["GET"]}}],"collection":[{"href":"https:\/\/k-beautyci.com\/fr\/wp-json\/wp\/v2\/product"}],"about":[{"href":"https:\/\/k-beautyci.com\/fr\/wp-json\/wp\/v2\/types\/product"}],"replies":[{"embeddable":true,"href":"https:\/\/k-beautyci.com\/fr\/wp-json\/wp\/v2\/comments?post=10235"}],"wp:featuredmedia":[{"embeddable":true,"href":"https:\/\/k-beautyci.com\/fr\/wp-json\/wp\/v2\/media\/10240"}],"wp:attachment":[{"href":"https:\/\/k-beautyci.com\/fr\/wp-json\/wp\/v2\/media?parent=10235"}],"wp:term":[{"taxonomy":"product_brand","embeddable":true,"href":"https:\/\/k-beautyci.com\/fr\/wp-json\/wp\/v2\/product_brand?post=10235"},{"taxonomy":"product_cat","embeddable":true,"href":"https:\/\/k-beautyci.com\/fr\/wp-json\/wp\/v2\/product_cat?post=10235"},{"taxonomy":"product_tag","embeddable":true,"href":"https:\/\/k-beautyci.com\/fr\/wp-json\/wp\/v2\/product_tag?post=10235"}],"curies":[{"name":"wp","href":"https:\/\/api.w.org\/{rel}","templated":true}]}}