{"id":10223,"date":"2025-12-07T15:30:24","date_gmt":"2025-12-07T15:30:24","guid":{"rendered":"https:\/\/k-beautyci.com\/?post_type=product&#038;p=10223"},"modified":"2026-04-19T16:15:40","modified_gmt":"2026-04-19T16:15:40","slug":"vt-reedle-shot-lip-plumper-beginner","status":"publish","type":"product","link":"https:\/\/k-beautyci.com\/fr\/produit\/vt-reedle-shot-lip-plumper-beginner\/","title":{"rendered":"VT  Reedle Shot Lip Plumper Beginner"},"content":{"rendered":"<p><b>Comment l'utiliser :<\/b><\/p>\n<p>Utilisez-le comme touche finale \u00e0 votre maquillage des l\u00e8vres pour leur donner plus de volume.<\/p>\n<p>Avertissement : Pour usage externe uniquement. Toujours effectuer un test \u00e9picutan\u00e9. Cessez d'utiliser le produit si vous ressentez une quelconque g\u00eane. Suivre les instructions suppl\u00e9mentaires figurant sur l'emballage. Les r\u00e9sultats individuels peuvent varier.<\/p>","protected":false},"excerpt":{"rendered":"<p>Obtenez instantan\u00e9ment des l\u00e8vres plus pulpeuses et sensuelles gr\u00e2ce \u00e0 ce gloss transparent ultra-brillant. Con\u00e7u pour rehausser le volume naturel de vos l\u00e8vres tout en offrant un fini brillant et non collant qui dure toute la journ\u00e9e. Il contient des particules de silice micro-dimensionn\u00e9es avanc\u00e9es qui stimulent les l\u00e8vres, procurant une l\u00e9g\u00e8re sensation de picotement, stimulant la circulation et augmentant le volume. Cette technologie unique cr\u00e9e un effet repulpant naturel sans irritation ni inconfort.<\/p>\n<p>&nbsp;<\/p>\n<p>&nbsp;<\/p>","protected":false},"featured_media":10225,"comment_status":"open","ping_status":"closed","template":"","meta":{"om_disable_all_campaigns":false},"product_brand":[],"product_cat":[65,211],"product_tag":[],"class_list":{"0":"post-10223","1":"product","2":"type-product","3":"status-publish","4":"has-post-thumbnail","6":"product_cat-lip-care","7":"product_cat-vt-cosmetics","9":"first","10":"outofstock","11":"shipping-taxable","12":"purchasable","13":"product-type-simple"},"aioseo_notices":[],"jetpack_sharing_enabled":true,"_links":{"self":[{"href":"https:\/\/k-beautyci.com\/fr\/wp-json\/wp\/v2\/product\/10223","targetHints":{"allow":["GET"]}}],"collection":[{"href":"https:\/\/k-beautyci.com\/fr\/wp-json\/wp\/v2\/product"}],"about":[{"href":"https:\/\/k-beautyci.com\/fr\/wp-json\/wp\/v2\/types\/product"}],"replies":[{"embeddable":true,"href":"https:\/\/k-beautyci.com\/fr\/wp-json\/wp\/v2\/comments?post=10223"}],"wp:featuredmedia":[{"embeddable":true,"href":"https:\/\/k-beautyci.com\/fr\/wp-json\/wp\/v2\/media\/10225"}],"wp:attachment":[{"href":"https:\/\/k-beautyci.com\/fr\/wp-json\/wp\/v2\/media?parent=10223"}],"wp:term":[{"taxonomy":"product_brand","embeddable":true,"href":"https:\/\/k-beautyci.com\/fr\/wp-json\/wp\/v2\/product_brand?post=10223"},{"taxonomy":"product_cat","embeddable":true,"href":"https:\/\/k-beautyci.com\/fr\/wp-json\/wp\/v2\/product_cat?post=10223"},{"taxonomy":"product_tag","embeddable":true,"href":"https:\/\/k-beautyci.com\/fr\/wp-json\/wp\/v2\/product_tag?post=10223"}],"curies":[{"name":"wp","href":"https:\/\/api.w.org\/{rel}","templated":true}]}}