{"id":10217,"date":"2025-12-07T14:59:24","date_gmt":"2025-12-07T14:59:24","guid":{"rendered":"https:\/\/k-beautyci.com\/?post_type=product&#038;p=10217"},"modified":"2026-03-13T18:48:52","modified_gmt":"2026-03-13T18:48:52","slug":"skin1004-matrixyl-10-boosting-shot-ampoule","status":"publish","type":"product","link":"https:\/\/k-beautyci.com\/fr\/produit\/skin1004-matrixyl-10-boosting-shot-ampoule\/","title":{"rendered":"Skin1004 Matrixyl 10 Boosting Shot Ampoule"},"content":{"rendered":"<p><b>Comment l'utiliser :<\/b><br \/>\n1. Ce produit contient des micro-spicules qui peuvent provoquer une sensation de picotement sur la peau. Ne pas utiliser en cas d'irritation ou d'autres infections cutan\u00e9es.<\/p>\n<p>2. Appliquez 2 \u00e0 3 fois par semaine en petite quantit\u00e9 pour permettre \u00e0 la peau de s'adapter.<\/p>\n<p>3. Apr\u00e8s adaptation, il peut \u00eatre utilis\u00e9 quotidiennement. Appliquez apr\u00e8s le tonique et compl\u00e9tez avec un produit hydratant pour une hydratation suffisante.<\/p>\n<p>Avertissement : Pour usage externe uniquement. Toujours effectuer un test \u00e9picutan\u00e9. Cessez d'utiliser le produit si vous ressentez une quelconque g\u00eane. Suivre les instructions suppl\u00e9mentaires figurant sur l'emballage. Les r\u00e9sultats individuels peuvent varier.<\/p>","protected":false},"excerpt":{"rendered":"<p>Sauvez votre peau fatigu\u00e9e, terne ou vieillissante gr\u00e2ce \u00e0 cette ampoule puissante enrichie en Matrixyl, qui stimule la production de collag\u00e8ne, et en Volufiline, qui repulpe la peau. L'acide hyaluronique s'associe \u00e0 la centella pour maintenir un niveau d'hydratation \u00e9lev\u00e9. La formule est enrichie en micro-spicules qui permettent aux ingr\u00e9dients actifs de p\u00e9n\u00e9trer plus profond\u00e9ment sous la couche dermique de la peau. Elle se pr\u00e9sente sous la forme d'une formule l\u00e9g\u00e8re, semblable \u00e0 une \u00e9mulsion, test\u00e9e dermatologiquement pour convenir aux peaux sensibles. C'est le compl\u00e9ment id\u00e9al \u00e0 une routine anti-\u00e2ge.<\/p>","protected":false},"featured_media":10221,"comment_status":"open","ping_status":"closed","template":"","meta":{"om_disable_all_campaigns":false},"product_brand":[],"product_cat":[88,31,69,94],"product_tag":[],"class_list":{"0":"post-10217","1":"product","2":"type-product","3":"status-publish","4":"has-post-thumbnail","6":"product_cat-centella","7":"product_cat-face-serums","8":"product_cat-hyaluronic-acid","9":"product_cat-skin-1004","11":"first","12":"instock","13":"shipping-taxable","14":"purchasable","15":"product-type-simple"},"aioseo_notices":[],"jetpack_sharing_enabled":true,"_links":{"self":[{"href":"https:\/\/k-beautyci.com\/fr\/wp-json\/wp\/v2\/product\/10217","targetHints":{"allow":["GET"]}}],"collection":[{"href":"https:\/\/k-beautyci.com\/fr\/wp-json\/wp\/v2\/product"}],"about":[{"href":"https:\/\/k-beautyci.com\/fr\/wp-json\/wp\/v2\/types\/product"}],"replies":[{"embeddable":true,"href":"https:\/\/k-beautyci.com\/fr\/wp-json\/wp\/v2\/comments?post=10217"}],"wp:featuredmedia":[{"embeddable":true,"href":"https:\/\/k-beautyci.com\/fr\/wp-json\/wp\/v2\/media\/10221"}],"wp:attachment":[{"href":"https:\/\/k-beautyci.com\/fr\/wp-json\/wp\/v2\/media?parent=10217"}],"wp:term":[{"taxonomy":"product_brand","embeddable":true,"href":"https:\/\/k-beautyci.com\/fr\/wp-json\/wp\/v2\/product_brand?post=10217"},{"taxonomy":"product_cat","embeddable":true,"href":"https:\/\/k-beautyci.com\/fr\/wp-json\/wp\/v2\/product_cat?post=10217"},{"taxonomy":"product_tag","embeddable":true,"href":"https:\/\/k-beautyci.com\/fr\/wp-json\/wp\/v2\/product_tag?post=10217"}],"curies":[{"name":"wp","href":"https:\/\/api.w.org\/{rel}","templated":true}]}}