{"id":10209,"date":"2025-12-07T14:43:43","date_gmt":"2025-12-07T14:43:43","guid":{"rendered":"https:\/\/k-beautyci.com\/?post_type=product&#038;p=10209"},"modified":"2026-04-06T22:50:15","modified_gmt":"2026-04-06T22:50:15","slug":"purito-txa-6-niacinamide-10-retinal-serum","status":"publish","type":"product","link":"https:\/\/k-beautyci.com\/fr\/produit\/purito-txa-6-niacinamide-10-retinal-serum\/","title":{"rendered":"Purito TXA 6 Niacinamide 10 Retinal Serum"},"content":{"rendered":"<p><b>Comment l'utiliser :<\/b><br \/>\n1. Agitez le flacon 3 \u00e0 5 fois et appliquez 1 \u00e0 2 gouttes sur la peau matin et soir.<\/p>\n<p>2. Pendant la journ\u00e9e, appliquez un \u00e9cran solaire avec un indice de protection SPF 30 ou plus apr\u00e8s avoir appliqu\u00e9 le s\u00e9rum.<\/p>\n<p>Avertissement : Pour usage externe uniquement. Toujours effectuer un test \u00e9picutan\u00e9. Cessez d'utiliser le produit si vous ressentez une quelconque g\u00eane. Suivre les instructions suppl\u00e9mentaires figurant sur l'emballage. Les r\u00e9sultats individuels peuvent varier.<\/p>","protected":false},"excerpt":{"rendered":"<p>Une seule goutte qui offre trois bienfaits : ce s\u00e9rum rose enrichi en niacinamide \u00e0 10 % et en acide tranexamique \u00e0 6 % estompe rapidement les taches brunes et r\u00e9duit le teint terne. Et ces capsules orange qui flottent \u00e0 la surface ? Il s'agit de r\u00e9tinal encapsul\u00e9 qui apporte \u00e0 la peau des bienfaits anti-\u00e2ge beaucoup plus rapidement que le r\u00e9tinal ordinaire !<\/p>","protected":false},"featured_media":10214,"comment_status":"open","ping_status":"closed","template":"","meta":{"om_disable_all_campaigns":false},"product_brand":[],"product_cat":[60,57,52,31,74,200,68,243],"product_tag":[],"class_list":{"0":"post-10209","1":"product","2":"type-product","3":"status-publish","4":"has-post-thumbnail","6":"product_cat-acne","7":"product_cat-anti-aging","8":"product_cat-dark-spots","9":"product_cat-face-serums","10":"product_cat-niacinamide","11":"product_cat-purito","12":"product_cat-retinol","13":"product_cat-tranxemic-acid-txa","15":"first","16":"instock","17":"shipping-taxable","18":"purchasable","19":"product-type-simple"},"aioseo_notices":[],"jetpack_sharing_enabled":true,"_links":{"self":[{"href":"https:\/\/k-beautyci.com\/fr\/wp-json\/wp\/v2\/product\/10209","targetHints":{"allow":["GET"]}}],"collection":[{"href":"https:\/\/k-beautyci.com\/fr\/wp-json\/wp\/v2\/product"}],"about":[{"href":"https:\/\/k-beautyci.com\/fr\/wp-json\/wp\/v2\/types\/product"}],"replies":[{"embeddable":true,"href":"https:\/\/k-beautyci.com\/fr\/wp-json\/wp\/v2\/comments?post=10209"}],"wp:featuredmedia":[{"embeddable":true,"href":"https:\/\/k-beautyci.com\/fr\/wp-json\/wp\/v2\/media\/10214"}],"wp:attachment":[{"href":"https:\/\/k-beautyci.com\/fr\/wp-json\/wp\/v2\/media?parent=10209"}],"wp:term":[{"taxonomy":"product_brand","embeddable":true,"href":"https:\/\/k-beautyci.com\/fr\/wp-json\/wp\/v2\/product_brand?post=10209"},{"taxonomy":"product_cat","embeddable":true,"href":"https:\/\/k-beautyci.com\/fr\/wp-json\/wp\/v2\/product_cat?post=10209"},{"taxonomy":"product_tag","embeddable":true,"href":"https:\/\/k-beautyci.com\/fr\/wp-json\/wp\/v2\/product_tag?post=10209"}],"curies":[{"name":"wp","href":"https:\/\/api.w.org\/{rel}","templated":true}]}}