{"id":10200,"date":"2025-12-07T14:31:00","date_gmt":"2025-12-07T14:31:00","guid":{"rendered":"https:\/\/k-beautyci.com\/?post_type=product&#038;p=10200"},"modified":"2026-03-09T11:34:19","modified_gmt":"2026-03-09T11:34:19","slug":"purito-azelaic-acid-10-kojic-tea-tree-serum","status":"publish","type":"product","link":"https:\/\/k-beautyci.com\/fr\/produit\/purito-azelaic-acid-10-kojic-tea-tree-serum\/","title":{"rendered":"Purito Azelaic Acid 10 Kojic Tea Tree Serum"},"content":{"rendered":"<p>Comment l'utiliser :<\/p>\n<p>Agitez doucement 3 \u00e0 5 fois pour disperser les capsules. Appliquez uniform\u00e9ment sur le visage et tapotez doucement pour favoriser l'absorption.<\/p>\n<p>Avertissement : Pour usage externe uniquement. Toujours effectuer un test \u00e9picutan\u00e9. Cessez d'utiliser le produit si vous ressentez une quelconque g\u00eane. Suivre les instructions suppl\u00e9mentaires figurant sur l'emballage. Les r\u00e9sultats individuels peuvent varier.<\/p>","protected":false},"excerpt":{"rendered":"<p>L'acide az\u00e9la\u00efque \u00e0 haute concentration (10 %) agit efficacement sur les imperfections, contribuant \u00e0 am\u00e9liorer l'apparence de la peau pour un teint plus clair et plus raffin\u00e9. Utilis\u00e9 r\u00e9guli\u00e8rement, il favorise un teint plus sain et sans imperfections. L'acide az\u00e9la\u00efque (10 %), l'arbre \u00e0 th\u00e9 (10 %) et l'acide kojique agissent puissamment pour cibler pr\u00e9cis\u00e9ment chaque stade des imperfections. Cette combinaison puissante agit rapidement pour r\u00e9v\u00e9ler une peau plus claire et d'apparence plus saine.<\/p>","protected":false},"featured_media":10202,"comment_status":"open","ping_status":"closed","template":"","meta":{"om_disable_all_campaigns":false},"product_brand":[],"product_cat":[60,165,52,31,200],"product_tag":[],"class_list":{"0":"post-10200","1":"product","2":"type-product","3":"status-publish","4":"has-post-thumbnail","6":"product_cat-acne","7":"product_cat-azelaic-acid","8":"product_cat-dark-spots","9":"product_cat-face-serums","10":"product_cat-purito","12":"first","13":"instock","14":"shipping-taxable","15":"purchasable","16":"product-type-simple"},"aioseo_notices":[],"jetpack_sharing_enabled":true,"_links":{"self":[{"href":"https:\/\/k-beautyci.com\/fr\/wp-json\/wp\/v2\/product\/10200","targetHints":{"allow":["GET"]}}],"collection":[{"href":"https:\/\/k-beautyci.com\/fr\/wp-json\/wp\/v2\/product"}],"about":[{"href":"https:\/\/k-beautyci.com\/fr\/wp-json\/wp\/v2\/types\/product"}],"replies":[{"embeddable":true,"href":"https:\/\/k-beautyci.com\/fr\/wp-json\/wp\/v2\/comments?post=10200"}],"wp:featuredmedia":[{"embeddable":true,"href":"https:\/\/k-beautyci.com\/fr\/wp-json\/wp\/v2\/media\/10202"}],"wp:attachment":[{"href":"https:\/\/k-beautyci.com\/fr\/wp-json\/wp\/v2\/media?parent=10200"}],"wp:term":[{"taxonomy":"product_brand","embeddable":true,"href":"https:\/\/k-beautyci.com\/fr\/wp-json\/wp\/v2\/product_brand?post=10200"},{"taxonomy":"product_cat","embeddable":true,"href":"https:\/\/k-beautyci.com\/fr\/wp-json\/wp\/v2\/product_cat?post=10200"},{"taxonomy":"product_tag","embeddable":true,"href":"https:\/\/k-beautyci.com\/fr\/wp-json\/wp\/v2\/product_tag?post=10200"}],"curies":[{"name":"wp","href":"https:\/\/api.w.org\/{rel}","templated":true}]}}