{"id":10141,"date":"2025-12-07T14:14:37","date_gmt":"2025-12-07T14:14:37","guid":{"rendered":"https:\/\/k-beautyci.com\/?post_type=product&#038;p=10141"},"modified":"2026-04-02T23:05:09","modified_gmt":"2026-04-02T23:05:09","slug":"p-calm-holy-basil-bubble-deep-mask","status":"publish","type":"product","link":"https:\/\/k-beautyci.com\/fr\/produit\/p-calm-holy-basil-bubble-deep-mask\/","title":{"rendered":"P.CALM Holy Basil Bubble Deep Mask"},"content":{"rendered":"<p><b>Comment l'utiliser :<\/b><br \/>\n1. Pr\u00e9levez une quantit\u00e9 appropri\u00e9e de produit et appliquez-la en couche \u00e9paisse et uniforme sur l'ensemble du visage, \u00e0 l'exception du contour des yeux.<\/p>\n<p>2. Apr\u00e8s 3 \u00e0 5 minutes, lorsque suffisamment de bulles remontent \u00e0 la surface, massez doucement les bulles et rincez votre visage \u00e0 l'eau ti\u00e8de.<\/p>\n<p>Avertissement : Pour usage externe uniquement. Toujours effectuer un test \u00e9picutan\u00e9. Cessez d'utiliser le produit si vous ressentez une quelconque g\u00eane. Suivre les instructions suppl\u00e9mentaires figurant sur l'emballage. Les r\u00e9sultats individuels peuvent varier.<\/p>","protected":false},"excerpt":{"rendered":"<p>Enrichi en eau gazeuse, en extrait de basilic sacr\u00e9 et en PHA, ce masque moussant cible efficacement les points noirs tenaces et nettoie vos pores en profondeur tout en contr\u00f4lant l'exc\u00e8s de s\u00e9bum. Il laisse votre peau lisse, propre et rafra\u00eechie apr\u00e8s chaque utilisation. Formul\u00e9 \u00e0 base d'AHA, de PHA et d'argile montmorillonite, ce masque moussant \u00e0 l'argile purifie les pores et exfolie les cellules mortes pour une peau lisse et \u00e9clatante. Il contient \u00e9galement des extraits de feuilles de basilic sacr\u00e9 et d'avoine pour un soin anti-inflammatoire. Sa formule hypoallerg\u00e9nique convient \u00e0 tous les types de peau, y compris les peaux sensibles.<\/p>","protected":false},"featured_media":10193,"comment_status":"open","ping_status":"closed","template":"","meta":{"om_disable_all_campaigns":false},"product_brand":[],"product_cat":[78,62,226],"product_tag":[],"class_list":{"0":"post-10141","1":"product","2":"type-product","3":"status-publish","4":"has-post-thumbnail","6":"product_cat-aha-bha","7":"product_cat-face-masks","8":"product_cat-p-calm","10":"first","11":"outofstock","12":"shipping-taxable","13":"purchasable","14":"product-type-simple"},"aioseo_notices":[],"jetpack_sharing_enabled":true,"_links":{"self":[{"href":"https:\/\/k-beautyci.com\/fr\/wp-json\/wp\/v2\/product\/10141","targetHints":{"allow":["GET"]}}],"collection":[{"href":"https:\/\/k-beautyci.com\/fr\/wp-json\/wp\/v2\/product"}],"about":[{"href":"https:\/\/k-beautyci.com\/fr\/wp-json\/wp\/v2\/types\/product"}],"replies":[{"embeddable":true,"href":"https:\/\/k-beautyci.com\/fr\/wp-json\/wp\/v2\/comments?post=10141"}],"wp:featuredmedia":[{"embeddable":true,"href":"https:\/\/k-beautyci.com\/fr\/wp-json\/wp\/v2\/media\/10193"}],"wp:attachment":[{"href":"https:\/\/k-beautyci.com\/fr\/wp-json\/wp\/v2\/media?parent=10141"}],"wp:term":[{"taxonomy":"product_brand","embeddable":true,"href":"https:\/\/k-beautyci.com\/fr\/wp-json\/wp\/v2\/product_brand?post=10141"},{"taxonomy":"product_cat","embeddable":true,"href":"https:\/\/k-beautyci.com\/fr\/wp-json\/wp\/v2\/product_cat?post=10141"},{"taxonomy":"product_tag","embeddable":true,"href":"https:\/\/k-beautyci.com\/fr\/wp-json\/wp\/v2\/product_tag?post=10141"}],"curies":[{"name":"wp","href":"https:\/\/api.w.org\/{rel}","templated":true}]}}