{"id":10140,"date":"2025-12-02T16:20:11","date_gmt":"2025-12-02T16:20:11","guid":{"rendered":"https:\/\/k-beautyci.com\/?post_type=product&#038;p=10140"},"modified":"2026-03-23T08:40:59","modified_gmt":"2026-03-23T08:40:59","slug":"no-9-nad-pdrn-glow-boosting-toner","status":"publish","type":"product","link":"https:\/\/k-beautyci.com\/fr\/produit\/no-9-nad-pdrn-glow-boosting-toner\/","title":{"rendered":"Numbuzin No.9 NAD+ PDRN Glow Boosting Toner"},"content":{"rendered":"<p>Comment l'utiliser :<\/p>\n<div class=\"description-item active\">\n<div class=\"body\">\n<p>Apr\u00e8s avoir nettoy\u00e9 votre visage, appliquez le tonique \u00e0 l'aide de vos mains propres ou d'un coton. Tapotez doucement pour une meilleure absorption.<\/p>\n<p>Avertissement : Pour usage externe uniquement. Toujours effectuer un test \u00e9picutan\u00e9. Cessez d'utiliser le produit si vous ressentez une quelconque g\u00eane. Suivre les instructions suppl\u00e9mentaires figurant sur l'emballage. Les r\u00e9sultats individuels peuvent varier.<\/p>\n<\/div>\n<\/div>\n<div class=\"description-item\"><button class=\"header\"><\/button><\/p>\n<div class=\"body\"><\/div>\n<\/div>","protected":false},"excerpt":{"rendered":"<p>Une lotion tonique \u00e9clatante, semblable \u00e0 une essence, qui hydrate en profondeur et repulpe la peau tout en l'adoucissant instantan\u00e9ment et en r\u00e9veillant son \u00e9clat lumineux \u00e0 chaque utilisation. Sa formule nourrissante \u00e0 base de perles d\u00e9riv\u00e9es de c\u00e9ramides aide \u00e0 raffermir la peau et \u00e0 affiner visiblement l'apparence des pores et du rel\u00e2chement cutan\u00e9 pour un teint lumineux et rajeuni.<\/p>","protected":false},"featured_media":10146,"comment_status":"open","ping_status":"closed","template":"","meta":{"om_disable_all_campaigns":false},"product_brand":[],"product_cat":[57,39,190,238],"product_tag":[],"class_list":{"0":"post-10140","1":"product","2":"type-product","3":"status-publish","4":"has-post-thumbnail","6":"product_cat-anti-aging","7":"product_cat-face-toners","8":"product_cat-numbuzin","9":"product_cat-pdrn","11":"first","12":"instock","13":"shipping-taxable","14":"purchasable","15":"product-type-simple"},"aioseo_notices":[],"jetpack_sharing_enabled":true,"_links":{"self":[{"href":"https:\/\/k-beautyci.com\/fr\/wp-json\/wp\/v2\/product\/10140","targetHints":{"allow":["GET"]}}],"collection":[{"href":"https:\/\/k-beautyci.com\/fr\/wp-json\/wp\/v2\/product"}],"about":[{"href":"https:\/\/k-beautyci.com\/fr\/wp-json\/wp\/v2\/types\/product"}],"replies":[{"embeddable":true,"href":"https:\/\/k-beautyci.com\/fr\/wp-json\/wp\/v2\/comments?post=10140"}],"wp:featuredmedia":[{"embeddable":true,"href":"https:\/\/k-beautyci.com\/fr\/wp-json\/wp\/v2\/media\/10146"}],"wp:attachment":[{"href":"https:\/\/k-beautyci.com\/fr\/wp-json\/wp\/v2\/media?parent=10140"}],"wp:term":[{"taxonomy":"product_brand","embeddable":true,"href":"https:\/\/k-beautyci.com\/fr\/wp-json\/wp\/v2\/product_brand?post=10140"},{"taxonomy":"product_cat","embeddable":true,"href":"https:\/\/k-beautyci.com\/fr\/wp-json\/wp\/v2\/product_cat?post=10140"},{"taxonomy":"product_tag","embeddable":true,"href":"https:\/\/k-beautyci.com\/fr\/wp-json\/wp\/v2\/product_tag?post=10140"}],"curies":[{"name":"wp","href":"https:\/\/api.w.org\/{rel}","templated":true}]}}