{"id":10118,"date":"2025-12-11T21:40:55","date_gmt":"2025-12-11T21:40:55","guid":{"rendered":"https:\/\/k-beautyci.com\/?post_type=product&#038;p=10118"},"modified":"2025-12-31T23:56:15","modified_gmt":"2025-12-31T23:56:15","slug":"medicube-retinol-nmn-boosting-serum","status":"publish","type":"product","link":"https:\/\/k-beautyci.com\/fr\/produit\/medicube-retinol-nmn-boosting-serum\/","title":{"rendered":"Medicube Retinol NMN Boosting Serum"},"content":{"rendered":"<p>Comment l'utiliser :<\/p>\n<p>1. Appliquez le s\u00e9rum dans le cadre de votre routine de soins du soir, apr\u00e8s avoir nettoy\u00e9 votre peau.<br \/>\n2. Suivez le guide d'utilisation ci-dessous pour conna\u00eetre la fr\u00e9quence et la quantit\u00e9 recommand\u00e9es.<\/p>\n<p><span class=\"desc_tit\">Les p\u00e9riodes d'adaptation peuvent varier d'une personne \u00e0 l'autre. Certaines personnes peuvent avoir besoin de plus ou moins de deux semaines, selon la sensibilit\u00e9 de leur peau.<\/span>*Pour usage externe uniquement ; il est recommand\u00e9 d'effectuer un test cutan\u00e9 avant toute utilisation. Cesser l'utilisation en cas d'irritation.<\/p>","protected":false},"excerpt":{"rendered":"<p>S\u00e9rum au r\u00e9tinol peu irritant qui cible les rides et ridules et renforce la fermet\u00e9 naturelle de la peau pour un aspect plus rebondi et plus r\u00e9sistant. R\u00e9tinol brevet\u00e9 d'une puret\u00e9 de 99,8 % - environ 1,9 % + NMN d'une puret\u00e9 de 99 % - Associ\u00e9 \u00e0 un complexe 5-Synergy pour un raffermissement multidimensionnel et durable de la peau. Con\u00e7u \u00e0 partir d'une technologie peu irritante, ce s\u00e9rum intensif au r\u00e9tinol offre une grande efficacit\u00e9 tout en pr\u00e9servant le confort de la peau. Suffisamment doux pour les peaux sensibles et sujettes \u00e0 l'acn\u00e9.<\/p>","protected":false},"featured_media":10180,"comment_status":"open","ping_status":"closed","template":"","meta":{"om_disable_all_campaigns":false},"product_brand":[],"product_cat":[57,52,31,215,68],"product_tag":[],"class_list":{"0":"post-10118","1":"product","2":"type-product","3":"status-publish","4":"has-post-thumbnail","6":"product_cat-anti-aging","7":"product_cat-dark-spots","8":"product_cat-face-serums","9":"product_cat-medicube","10":"product_cat-retinol","12":"first","13":"instock","14":"shipping-taxable","15":"purchasable","16":"product-type-simple"},"aioseo_notices":[],"jetpack_sharing_enabled":true,"_links":{"self":[{"href":"https:\/\/k-beautyci.com\/fr\/wp-json\/wp\/v2\/product\/10118","targetHints":{"allow":["GET"]}}],"collection":[{"href":"https:\/\/k-beautyci.com\/fr\/wp-json\/wp\/v2\/product"}],"about":[{"href":"https:\/\/k-beautyci.com\/fr\/wp-json\/wp\/v2\/types\/product"}],"replies":[{"embeddable":true,"href":"https:\/\/k-beautyci.com\/fr\/wp-json\/wp\/v2\/comments?post=10118"}],"wp:featuredmedia":[{"embeddable":true,"href":"https:\/\/k-beautyci.com\/fr\/wp-json\/wp\/v2\/media\/10180"}],"wp:attachment":[{"href":"https:\/\/k-beautyci.com\/fr\/wp-json\/wp\/v2\/media?parent=10118"}],"wp:term":[{"taxonomy":"product_brand","embeddable":true,"href":"https:\/\/k-beautyci.com\/fr\/wp-json\/wp\/v2\/product_brand?post=10118"},{"taxonomy":"product_cat","embeddable":true,"href":"https:\/\/k-beautyci.com\/fr\/wp-json\/wp\/v2\/product_cat?post=10118"},{"taxonomy":"product_tag","embeddable":true,"href":"https:\/\/k-beautyci.com\/fr\/wp-json\/wp\/v2\/product_tag?post=10118"}],"curies":[{"name":"wp","href":"https:\/\/api.w.org\/{rel}","templated":true}]}}