{"id":10114,"date":"2025-11-30T08:33:00","date_gmt":"2025-11-30T08:33:00","guid":{"rendered":"https:\/\/k-beautyci.com\/?post_type=product&#038;p=10114"},"modified":"2026-02-13T06:45:41","modified_gmt":"2026-02-13T06:45:41","slug":"medicube-red-erasing-cream-2-0","status":"publish","type":"product","link":"https:\/\/k-beautyci.com\/fr\/produit\/medicube-red-erasing-cream-2-0\/","title":{"rendered":"medicube Red Erasing Cream 2.0"},"content":{"rendered":"<p>Comment l'utiliser :<br \/>\n1. Apr\u00e8s le nettoyage, pr\u00e9lever une quantit\u00e9 mod\u00e9r\u00e9e et l'appliquer sur l'ensemble du visage.<br \/>\n2. Tapoter doucement pour une meilleure absorption.<\/p>\n<p>Avertissement : Pour usage externe uniquement. Toujours effectuer un test \u00e9picutan\u00e9. Cessez d'utiliser le produit si vous ressentez une quelconque g\u00eane. Suivre les instructions suppl\u00e9mentaires figurant sur l'emballage. Les r\u00e9sultats individuels peuvent varier.<\/p>","protected":false},"excerpt":{"rendered":"<p>Sp\u00e9cialement con\u00e7ue pour les peaux sensibles, cette cr\u00e8me effa\u00e7ante aide \u00e0 r\u00e9duire les rougeurs, \u00e0 estomper l'hyperpigmentation, \u00e0 affiner le grain de peau gr\u00e2ce \u00e0 une exfoliation douce et \u00e0 prot\u00e9ger la peau en formant une barri\u00e8re hydratante. Enrichie en extrait de pourpier, en extrait de tomate et en huile de graines de jojoba.<\/p>","protected":false},"featured_media":10117,"comment_status":"open","ping_status":"closed","template":"","meta":{"om_disable_all_campaigns":false},"product_brand":[],"product_cat":[60,26,215,36],"product_tag":[],"class_list":{"0":"post-10114","1":"product","2":"type-product","3":"status-publish","4":"has-post-thumbnail","6":"product_cat-acne","7":"product_cat-face-moisturizer","8":"product_cat-medicube","9":"product_cat-sensitive-skin","11":"first","12":"instock","13":"sale","14":"shipping-taxable","15":"purchasable","16":"product-type-simple"},"aioseo_notices":[],"jetpack_sharing_enabled":true,"_links":{"self":[{"href":"https:\/\/k-beautyci.com\/fr\/wp-json\/wp\/v2\/product\/10114","targetHints":{"allow":["GET"]}}],"collection":[{"href":"https:\/\/k-beautyci.com\/fr\/wp-json\/wp\/v2\/product"}],"about":[{"href":"https:\/\/k-beautyci.com\/fr\/wp-json\/wp\/v2\/types\/product"}],"replies":[{"embeddable":true,"href":"https:\/\/k-beautyci.com\/fr\/wp-json\/wp\/v2\/comments?post=10114"}],"wp:featuredmedia":[{"embeddable":true,"href":"https:\/\/k-beautyci.com\/fr\/wp-json\/wp\/v2\/media\/10117"}],"wp:attachment":[{"href":"https:\/\/k-beautyci.com\/fr\/wp-json\/wp\/v2\/media?parent=10114"}],"wp:term":[{"taxonomy":"product_brand","embeddable":true,"href":"https:\/\/k-beautyci.com\/fr\/wp-json\/wp\/v2\/product_brand?post=10114"},{"taxonomy":"product_cat","embeddable":true,"href":"https:\/\/k-beautyci.com\/fr\/wp-json\/wp\/v2\/product_cat?post=10114"},{"taxonomy":"product_tag","embeddable":true,"href":"https:\/\/k-beautyci.com\/fr\/wp-json\/wp\/v2\/product_tag?post=10114"}],"curies":[{"name":"wp","href":"https:\/\/api.w.org\/{rel}","templated":true}]}}