{"id":10111,"date":"2025-11-30T08:33:57","date_gmt":"2025-11-30T08:33:57","guid":{"rendered":"https:\/\/k-beautyci.com\/?post_type=product&#038;p=10111"},"modified":"2026-04-02T23:07:40","modified_gmt":"2026-04-02T23:07:40","slug":"medicube-zero-foam-cleanser","status":"publish","type":"product","link":"https:\/\/k-beautyci.com\/fr\/produit\/medicube-zero-foam-cleanser\/","title":{"rendered":"medicube Zero Foam Cleanser"},"content":{"rendered":"<p><b>Comment l'utiliser :<\/b><br \/>\n1. Versez une quantit\u00e9 mod\u00e9r\u00e9e sur vos mains mouill\u00e9es et faites mousser.<\/p>\n<p>2. Massez d\u00e9licatement l'ensemble du visage et rincez \u00e0 l'eau ti\u00e8de.<\/p>\n<p>Avertissement : Pour usage externe uniquement. Toujours effectuer un test \u00e9picutan\u00e9. Cessez d'utiliser le produit si vous ressentez une quelconque g\u00eane. Suivre les instructions suppl\u00e9mentaires figurant sur l'emballage. Les r\u00e9sultats individuels peuvent varier.<\/p>","protected":false},"excerpt":{"rendered":"<p>\u00c9liminez efficacement les poussi\u00e8res fines, les polluants et autres impuret\u00e9s de votre peau gr\u00e2ce \u00e0 ce nettoyant doux pour le visage. Sa mousse onctueuse p\u00e9n\u00e8tre profond\u00e9ment dans la peau pour la rendre plus claire et plus lisse. Ce nettoyant est formul\u00e9 \u00e0 base d'extrait de m\u00e9lisse pour purifier les pores, d'extrait de coing pour renforcer la barri\u00e8re d'hydratation de la peau et d'extrait de fleur d'oranger pour apaiser et adoucir la peau.<\/p>","protected":false},"featured_media":10113,"comment_status":"open","ping_status":"closed","template":"","meta":{"om_disable_all_campaigns":false},"product_brand":[],"product_cat":[35,215],"product_tag":[],"class_list":{"0":"post-10111","1":"product","2":"type-product","3":"status-publish","4":"has-post-thumbnail","6":"product_cat-face-cleansers","7":"product_cat-medicube","9":"first","10":"instock","11":"sale","12":"shipping-taxable","13":"purchasable","14":"product-type-simple"},"aioseo_notices":[],"jetpack_sharing_enabled":true,"_links":{"self":[{"href":"https:\/\/k-beautyci.com\/fr\/wp-json\/wp\/v2\/product\/10111","targetHints":{"allow":["GET"]}}],"collection":[{"href":"https:\/\/k-beautyci.com\/fr\/wp-json\/wp\/v2\/product"}],"about":[{"href":"https:\/\/k-beautyci.com\/fr\/wp-json\/wp\/v2\/types\/product"}],"replies":[{"embeddable":true,"href":"https:\/\/k-beautyci.com\/fr\/wp-json\/wp\/v2\/comments?post=10111"}],"wp:featuredmedia":[{"embeddable":true,"href":"https:\/\/k-beautyci.com\/fr\/wp-json\/wp\/v2\/media\/10113"}],"wp:attachment":[{"href":"https:\/\/k-beautyci.com\/fr\/wp-json\/wp\/v2\/media?parent=10111"}],"wp:term":[{"taxonomy":"product_brand","embeddable":true,"href":"https:\/\/k-beautyci.com\/fr\/wp-json\/wp\/v2\/product_brand?post=10111"},{"taxonomy":"product_cat","embeddable":true,"href":"https:\/\/k-beautyci.com\/fr\/wp-json\/wp\/v2\/product_cat?post=10111"},{"taxonomy":"product_tag","embeddable":true,"href":"https:\/\/k-beautyci.com\/fr\/wp-json\/wp\/v2\/product_tag?post=10111"}],"curies":[{"name":"wp","href":"https:\/\/api.w.org\/{rel}","templated":true}]}}