{"id":10106,"date":"2025-11-30T08:35:20","date_gmt":"2025-11-30T08:35:20","guid":{"rendered":"https:\/\/k-beautyci.com\/?post_type=product&#038;p=10106"},"modified":"2025-12-26T15:25:17","modified_gmt":"2025-12-26T15:25:17","slug":"medicube-zero-pore-sa-clear-capsule-cleansing-foam","status":"publish","type":"product","link":"https:\/\/k-beautyci.com\/fr\/produit\/medicube-zero-pore-sa-clear-capsule-cleansing-foam\/","title":{"rendered":"medicube Zero Pore SA Clear Capsule Cleansing Foam"},"content":{"rendered":"<p>Comment l'utiliser :<\/p>\n<div class=\"description-item active\">\n<div class=\"body\">\n<p>Pr\u00e9levez une quantit\u00e9 appropri\u00e9e sur vos paumes humides, faites mousser abondamment et massez d\u00e9licatement sur la peau humide. Rincez \u00e0 l'eau ti\u00e8de et s\u00e9chez en tapotant.<\/p>\n<p>Avertissement : Pour usage externe uniquement. Toujours effectuer un test \u00e9picutan\u00e9. Cessez d'utiliser le produit si vous ressentez une quelconque g\u00eane. Suivre les instructions suppl\u00e9mentaires figurant sur l'emballage. Les r\u00e9sultats individuels peuvent varier.<\/p>\n<\/div>\n<\/div>","protected":false},"excerpt":{"rendered":"<p>Boostez votre nettoyage gr\u00e2ce \u00e0 des capsules d'exosomes micro-bleues 500 fois plus petites que les pores pour contr\u00f4ler le s\u00e9bum, exfolier en douceur et obtenir un teint lisse et \u00e9clatant de fra\u00eecheur. Obtenez une peau claire, lumineuse et uniforme gr\u00e2ce \u00e0 cette mousse nettoyante formul\u00e9e \u00e0 partir d'un m\u00e9lange d'acides exfoliants (AHA, BHA et PHA) pour le soin des pores, ainsi que de capsules d'exosomes pour \u00e9liminer les impuret\u00e9s de la peau.<\/p>","protected":false},"featured_media":10109,"comment_status":"open","ping_status":"closed","template":"","meta":{"om_disable_all_campaigns":false},"product_brand":[],"product_cat":[60,78,35,215],"product_tag":[],"class_list":{"0":"post-10106","1":"product","2":"type-product","3":"status-publish","4":"has-post-thumbnail","6":"product_cat-acne","7":"product_cat-aha-bha","8":"product_cat-face-cleansers","9":"product_cat-medicube","11":"first","12":"instock","13":"sale","14":"shipping-taxable","15":"purchasable","16":"product-type-simple"},"aioseo_notices":[],"jetpack_sharing_enabled":true,"_links":{"self":[{"href":"https:\/\/k-beautyci.com\/fr\/wp-json\/wp\/v2\/product\/10106","targetHints":{"allow":["GET"]}}],"collection":[{"href":"https:\/\/k-beautyci.com\/fr\/wp-json\/wp\/v2\/product"}],"about":[{"href":"https:\/\/k-beautyci.com\/fr\/wp-json\/wp\/v2\/types\/product"}],"replies":[{"embeddable":true,"href":"https:\/\/k-beautyci.com\/fr\/wp-json\/wp\/v2\/comments?post=10106"}],"wp:featuredmedia":[{"embeddable":true,"href":"https:\/\/k-beautyci.com\/fr\/wp-json\/wp\/v2\/media\/10109"}],"wp:attachment":[{"href":"https:\/\/k-beautyci.com\/fr\/wp-json\/wp\/v2\/media?parent=10106"}],"wp:term":[{"taxonomy":"product_brand","embeddable":true,"href":"https:\/\/k-beautyci.com\/fr\/wp-json\/wp\/v2\/product_brand?post=10106"},{"taxonomy":"product_cat","embeddable":true,"href":"https:\/\/k-beautyci.com\/fr\/wp-json\/wp\/v2\/product_cat?post=10106"},{"taxonomy":"product_tag","embeddable":true,"href":"https:\/\/k-beautyci.com\/fr\/wp-json\/wp\/v2\/product_tag?post=10106"}],"curies":[{"name":"wp","href":"https:\/\/api.w.org\/{rel}","templated":true}]}}