{"id":10052,"date":"2025-11-28T08:24:16","date_gmt":"2025-11-28T08:24:16","guid":{"rendered":"https:\/\/k-beautyci.com\/?post_type=product&#038;p=10052"},"modified":"2026-01-10T18:24:31","modified_gmt":"2026-01-10T18:24:31","slug":"medicube-collagen-milky-glow-daytime-wrapping-mask","status":"publish","type":"product","link":"https:\/\/k-beautyci.com\/fr\/produit\/medicube-collagen-milky-glow-daytime-wrapping-mask\/","title":{"rendered":"Medicube Collagen Milky Glow Daytime Wrapping Mask"},"content":{"rendered":"<p>Comment l'utiliser :<\/p>\n<p>1. Appliquez le tonique, puis la cr\u00e8me hydratante.<br \/>\n2. Appliquez le masque en \u00e9vitant les yeux et la bouche.<br \/>\n3. Laisser s\u00e9cher pendant 20 minutes.<br \/>\n4. Retirez le masque ou rincez-le, et profitez d'une peau radieuse et \u00e9clatante.<\/p>\n<p>Avertissement : Pour usage externe uniquement. Toujours effectuer un test \u00e9picutan\u00e9. Cessez d'utiliser le produit si vous ressentez une quelconque g\u00eane. Suivre les instructions suppl\u00e9mentaires figurant sur l'emballage. Les r\u00e9sultats individuels peuvent varier.<\/p>","protected":false},"excerpt":{"rendered":"<p>Le masque laiteux glac\u00e9 se transforme en enveloppe de collag\u00e8ne et r\u00e9v\u00e8le une peau lumineuse, \u00e9clatante et repulp\u00e9e, le tout en seulement 20 minutes. Enrichi en collag\u00e8ne, glutathion, niacinamide et prot\u00e9ines de lait, ce masque hydrate en profondeur tout en am\u00e9liorant le teint et l'\u00e9clat, pour une peau visiblement plus claire, plus rebondie et plus radieuse. Contrairement \u00e0 la plupart des masques au collag\u00e8ne qui s'arr\u00eatent \u00e0 300 Da, celui-ci contient du collag\u00e8ne \u00e0 tr\u00e8s faible poids mol\u00e9culaire (130 Da), raffin\u00e9 pour une absorption plus rapide et des am\u00e9liorations visibles de la fermet\u00e9, de l'\u00e9lasticit\u00e9 et de la texture de la peau.<\/p>","protected":false},"featured_media":10054,"comment_status":"open","ping_status":"closed","template":"","meta":{"om_disable_all_campaigns":false},"product_brand":[],"product_cat":[62,215],"product_tag":[],"class_list":{"0":"post-10052","1":"product","2":"type-product","3":"status-publish","4":"has-post-thumbnail","6":"product_cat-face-masks","7":"product_cat-medicube","9":"first","10":"instock","11":"shipping-taxable","12":"purchasable","13":"product-type-simple"},"aioseo_notices":[],"jetpack_sharing_enabled":true,"_links":{"self":[{"href":"https:\/\/k-beautyci.com\/fr\/wp-json\/wp\/v2\/product\/10052","targetHints":{"allow":["GET"]}}],"collection":[{"href":"https:\/\/k-beautyci.com\/fr\/wp-json\/wp\/v2\/product"}],"about":[{"href":"https:\/\/k-beautyci.com\/fr\/wp-json\/wp\/v2\/types\/product"}],"replies":[{"embeddable":true,"href":"https:\/\/k-beautyci.com\/fr\/wp-json\/wp\/v2\/comments?post=10052"}],"wp:featuredmedia":[{"embeddable":true,"href":"https:\/\/k-beautyci.com\/fr\/wp-json\/wp\/v2\/media\/10054"}],"wp:attachment":[{"href":"https:\/\/k-beautyci.com\/fr\/wp-json\/wp\/v2\/media?parent=10052"}],"wp:term":[{"taxonomy":"product_brand","embeddable":true,"href":"https:\/\/k-beautyci.com\/fr\/wp-json\/wp\/v2\/product_brand?post=10052"},{"taxonomy":"product_cat","embeddable":true,"href":"https:\/\/k-beautyci.com\/fr\/wp-json\/wp\/v2\/product_cat?post=10052"},{"taxonomy":"product_tag","embeddable":true,"href":"https:\/\/k-beautyci.com\/fr\/wp-json\/wp\/v2\/product_tag?post=10052"}],"curies":[{"name":"wp","href":"https:\/\/api.w.org\/{rel}","templated":true}]}}