{"id":10043,"date":"2025-11-28T08:25:20","date_gmt":"2025-11-28T08:25:20","guid":{"rendered":"https:\/\/k-beautyci.com\/?post_type=product&#038;p=10043"},"modified":"2025-11-28T08:25:23","modified_gmt":"2025-11-28T08:25:23","slug":"medicube-hyaluronic-moisturizing-capsule-cream","status":"publish","type":"product","link":"https:\/\/k-beautyci.com\/fr\/produit\/medicube-hyaluronic-moisturizing-capsule-cream\/","title":{"rendered":"medicube Hyaluronic Moisturizing Capsule Cream"},"content":{"rendered":"<p>Comment l'utiliser :<\/p>\n<p>M\u00e9langez la capsule d'acide hyaluronique et le gel transparent dans un rapport adapt\u00e9 \u00e0 votre type de peau. Pour une texture plus l\u00e9g\u00e8re, augmentez la proportion de gel, tandis que pour plus d'hydratation et d'\u00e9lasticit\u00e9, augmentez la proportion de capsule. Appliquez le m\u00e9lange matin et soir sur le visage et le cou, apr\u00e8s le s\u00e9rum.<\/p>\n<p>Peau grasse ; gel transparent 2, capsule d'acide hyaluronique 1<\/p>\n<p>Peaux normales et mixtes : gel transparent 1, capsule d'acide hyaluronique 1<\/p>\n<p>Peau s\u00e8che et sensible : gel transparent 1, capsule d'acide hyaluronique 2<\/p>\n<p>Avertissement : Pour usage externe uniquement. Toujours effectuer un test \u00e9picutan\u00e9. Cessez d'utiliser le produit si vous ressentez une quelconque g\u00eane. Suivre les instructions suppl\u00e9mentaires figurant sur l'emballage. Les r\u00e9sultats individuels peuvent varier.<\/p>","protected":false},"excerpt":{"rendered":"<p>Hydratant quotidien essentiel pour une peau repulp\u00e9e et \u00e9clatante, qui procure une hydratation et un \u00e9clat durables \u2014 pour tous les types de peau. Hydratation longue dur\u00e9e pendant 120 heures, am\u00e9liore la barri\u00e8re d'hydratation de la peau et procure un effet apaisant. Hydratant quotidien doux, peu irritant et non com\u00e9dog\u00e8ne, avec des capsules bleues d'acide hyaluronique \u00e9clatantes.<\/p>","protected":false},"featured_media":10046,"comment_status":"open","ping_status":"closed","template":"","meta":{"om_disable_all_campaigns":false},"product_brand":[],"product_cat":[42,26,69,215,66,41,36],"product_tag":[],"class_list":{"0":"post-10043","1":"product","2":"type-product","3":"status-publish","4":"has-post-thumbnail","6":"product_cat-dry-skin","7":"product_cat-face-moisturizer","8":"product_cat-hyaluronic-acid","9":"product_cat-medicube","10":"product_cat-normal-combination-skin","11":"product_cat-oily-skin","12":"product_cat-sensitive-skin","14":"first","15":"instock","16":"sale","17":"shipping-taxable","18":"purchasable","19":"product-type-simple"},"aioseo_notices":[],"jetpack_sharing_enabled":true,"_links":{"self":[{"href":"https:\/\/k-beautyci.com\/fr\/wp-json\/wp\/v2\/product\/10043","targetHints":{"allow":["GET"]}}],"collection":[{"href":"https:\/\/k-beautyci.com\/fr\/wp-json\/wp\/v2\/product"}],"about":[{"href":"https:\/\/k-beautyci.com\/fr\/wp-json\/wp\/v2\/types\/product"}],"replies":[{"embeddable":true,"href":"https:\/\/k-beautyci.com\/fr\/wp-json\/wp\/v2\/comments?post=10043"}],"wp:featuredmedia":[{"embeddable":true,"href":"https:\/\/k-beautyci.com\/fr\/wp-json\/wp\/v2\/media\/10046"}],"wp:attachment":[{"href":"https:\/\/k-beautyci.com\/fr\/wp-json\/wp\/v2\/media?parent=10043"}],"wp:term":[{"taxonomy":"product_brand","embeddable":true,"href":"https:\/\/k-beautyci.com\/fr\/wp-json\/wp\/v2\/product_brand?post=10043"},{"taxonomy":"product_cat","embeddable":true,"href":"https:\/\/k-beautyci.com\/fr\/wp-json\/wp\/v2\/product_cat?post=10043"},{"taxonomy":"product_tag","embeddable":true,"href":"https:\/\/k-beautyci.com\/fr\/wp-json\/wp\/v2\/product_tag?post=10043"}],"curies":[{"name":"wp","href":"https:\/\/api.w.org\/{rel}","templated":true}]}}