{"id":10029,"date":"2025-11-28T08:22:05","date_gmt":"2025-11-28T08:22:05","guid":{"rendered":"https:\/\/k-beautyci.com\/?post_type=product&#038;p=10029"},"modified":"2025-12-04T14:17:12","modified_gmt":"2025-12-04T14:17:12","slug":"medicube-azelaic-acid-exosome-shot-2000","status":"publish","type":"product","link":"https:\/\/k-beautyci.com\/fr\/produit\/medicube-azelaic-acid-exosome-shot-2000\/","title":{"rendered":"medicube Azelaic Acid Exosome Shot 2000"},"content":{"rendered":"<p>Comment l'utiliser :<\/p>\n<p>Apr\u00e8s avoir nettoy\u00e9 votre peau, pr\u00e9parez-la \u00e0 l'aide des lingettes Zero Pore Pads de medicube ou d'un tonique hydratant. Versez une petite quantit\u00e9 de produit dans votre main et appliquez-le en tapotant doucement sur la peau jusqu'\u00e0 absorption compl\u00e8te. Massez et appuyez d\u00e9licatement pour faciliter l'absorption.<\/p>\n<p>Avertissement : Pour usage externe uniquement. Toujours effectuer un test \u00e9picutan\u00e9. Cessez d'utiliser le produit si vous ressentez une quelconque g\u00eane. Suivre les instructions suppl\u00e9mentaires figurant sur l'emballage. Les r\u00e9sultats individuels peuvent varier.<\/p>\n<p>Vous pouvez ressentir des picotements, des rougeurs, des d\u00e9mangeaisons et une sensation de chaleur qui peuvent durer un certain temps, mais soyez assur\u00e9 qu'il s'agit d'une r\u00e9action naturelle \u00e0 l'injection d'exosomes.<\/p>","protected":false},"excerpt":{"rendered":"<p>medicube\u2019s Azelaic Acid Exosome Shot 2000 features the dynamic trio of 99% azelaic acid, 5% niacinamide and exosomes \u2013 three acne-busting ingredients that work together to give you clear, soothed and resilient skin. Its refreshing formula promotes a smooth and glowy complexion, and just one pump delivers millions of exosomes for effective post-blemish care.<\/p>\n<p>&nbsp;<\/p>\n<p>Le saviez-vous ? Sa couleur menthe rafra\u00eechissante provient de l'acide az\u00e9la\u00efque \u00e0 99 % de puret\u00e9 \u00e9lev\u00e9 pr\u00e9sent dans la formule.<\/p>","protected":false},"featured_media":10033,"comment_status":"open","ping_status":"closed","template":"","meta":{"om_disable_all_campaigns":false},"product_brand":[],"product_cat":[60,165,52,31,215,74],"product_tag":[],"class_list":{"0":"post-10029","1":"product","2":"type-product","3":"status-publish","4":"has-post-thumbnail","6":"product_cat-acne","7":"product_cat-azelaic-acid","8":"product_cat-dark-spots","9":"product_cat-face-serums","10":"product_cat-medicube","11":"product_cat-niacinamide","13":"first","14":"instock","15":"sale","16":"shipping-taxable","17":"purchasable","18":"product-type-simple"},"aioseo_notices":[],"jetpack_sharing_enabled":true,"_links":{"self":[{"href":"https:\/\/k-beautyci.com\/fr\/wp-json\/wp\/v2\/product\/10029","targetHints":{"allow":["GET"]}}],"collection":[{"href":"https:\/\/k-beautyci.com\/fr\/wp-json\/wp\/v2\/product"}],"about":[{"href":"https:\/\/k-beautyci.com\/fr\/wp-json\/wp\/v2\/types\/product"}],"replies":[{"embeddable":true,"href":"https:\/\/k-beautyci.com\/fr\/wp-json\/wp\/v2\/comments?post=10029"}],"wp:featuredmedia":[{"embeddable":true,"href":"https:\/\/k-beautyci.com\/fr\/wp-json\/wp\/v2\/media\/10033"}],"wp:attachment":[{"href":"https:\/\/k-beautyci.com\/fr\/wp-json\/wp\/v2\/media?parent=10029"}],"wp:term":[{"taxonomy":"product_brand","embeddable":true,"href":"https:\/\/k-beautyci.com\/fr\/wp-json\/wp\/v2\/product_brand?post=10029"},{"taxonomy":"product_cat","embeddable":true,"href":"https:\/\/k-beautyci.com\/fr\/wp-json\/wp\/v2\/product_cat?post=10029"},{"taxonomy":"product_tag","embeddable":true,"href":"https:\/\/k-beautyci.com\/fr\/wp-json\/wp\/v2\/product_tag?post=10029"}],"curies":[{"name":"wp","href":"https:\/\/api.w.org\/{rel}","templated":true}]}}