{"id":10013,"date":"2025-11-28T08:20:49","date_gmt":"2025-11-28T08:20:49","guid":{"rendered":"https:\/\/k-beautyci.com\/?post_type=product&#038;p=10013"},"modified":"2026-02-06T21:39:57","modified_gmt":"2026-02-06T21:39:57","slug":"medicube-azelaic-acid-16-bb-calming-serum","status":"publish","type":"product","link":"https:\/\/k-beautyci.com\/fr\/produit\/medicube-azelaic-acid-16-bb-calming-serum\/","title":{"rendered":"medicube Azelaic Acid 16 BB Calming Serum"},"content":{"rendered":"<p>Comment l'utiliser :<\/p>\n<p>Apr\u00e8s avoir nettoy\u00e9 et tonifi\u00e9 votre peau, appliquez quelques gouttes de s\u00e9rum et tapotez doucement. En raison de la forte concentration en acide az\u00e9la\u00efque, de l\u00e9gers r\u00e9sidus ou un film peuvent appara\u00eetre. Pour une meilleure absorption, appliquez une fine couche \u00e0 la fois et laissez la formule p\u00e9n\u00e9trer compl\u00e8tement avant d'appliquer une autre couche.<\/p>\n<p>Avertissement : Pour usage externe uniquement. Toujours effectuer un test \u00e9picutan\u00e9. Cessez d'utiliser le produit si vous ressentez une quelconque g\u00eane. Suivre les instructions suppl\u00e9mentaires figurant sur l'emballage. Les r\u00e9sultats individuels peuvent varier.<\/p>","protected":false},"excerpt":{"rendered":"<p>Le s\u00e9rum apaisant Aezlaic Acid 16 BB de medicube est riche en acide az\u00e9la\u00efque, en niacinamide et en acide pantoth\u00e9nique pour dire adieu \u00e0 votre peau s\u00e8che et aux imperfections. Dites bonjour \u00e0 un teint repulp\u00e9 et \u00e9clatant ! Ce s\u00e9rum traite les imperfections, apaise visiblement les irritations et lisse le grain de peau gr\u00e2ce \u00e0 un puissant m\u00e9lange d'acide az\u00e9la\u00efque, de niacinamide et d'acide pantoth\u00e9nique.<\/p>","protected":false},"featured_media":10023,"comment_status":"open","ping_status":"closed","template":"","meta":{"om_disable_all_campaigns":false},"product_brand":[],"product_cat":[60,165,52,215,74],"product_tag":[],"class_list":{"0":"post-10013","1":"product","2":"type-product","3":"status-publish","4":"has-post-thumbnail","6":"product_cat-acne","7":"product_cat-azelaic-acid","8":"product_cat-dark-spots","9":"product_cat-medicube","10":"product_cat-niacinamide","12":"first","13":"instock","14":"shipping-taxable","15":"purchasable","16":"product-type-simple"},"aioseo_notices":[],"jetpack_sharing_enabled":true,"_links":{"self":[{"href":"https:\/\/k-beautyci.com\/fr\/wp-json\/wp\/v2\/product\/10013","targetHints":{"allow":["GET"]}}],"collection":[{"href":"https:\/\/k-beautyci.com\/fr\/wp-json\/wp\/v2\/product"}],"about":[{"href":"https:\/\/k-beautyci.com\/fr\/wp-json\/wp\/v2\/types\/product"}],"replies":[{"embeddable":true,"href":"https:\/\/k-beautyci.com\/fr\/wp-json\/wp\/v2\/comments?post=10013"}],"wp:featuredmedia":[{"embeddable":true,"href":"https:\/\/k-beautyci.com\/fr\/wp-json\/wp\/v2\/media\/10023"}],"wp:attachment":[{"href":"https:\/\/k-beautyci.com\/fr\/wp-json\/wp\/v2\/media?parent=10013"}],"wp:term":[{"taxonomy":"product_brand","embeddable":true,"href":"https:\/\/k-beautyci.com\/fr\/wp-json\/wp\/v2\/product_brand?post=10013"},{"taxonomy":"product_cat","embeddable":true,"href":"https:\/\/k-beautyci.com\/fr\/wp-json\/wp\/v2\/product_cat?post=10013"},{"taxonomy":"product_tag","embeddable":true,"href":"https:\/\/k-beautyci.com\/fr\/wp-json\/wp\/v2\/product_tag?post=10013"}],"curies":[{"name":"wp","href":"https:\/\/api.w.org\/{rel}","templated":true}]}}