{"id":10003,"date":"2025-11-27T23:13:48","date_gmt":"2025-11-27T23:13:48","guid":{"rendered":"https:\/\/k-beautyci.com\/?post_type=product&#038;p=10003"},"modified":"2025-11-27T23:13:52","modified_gmt":"2025-11-27T23:13:52","slug":"k-secret-advanced-regenerating-eye-gel-patches-retinol","status":"publish","type":"product","link":"https:\/\/k-beautyci.com\/fr\/produit\/k-secret-advanced-regenerating-eye-gel-patches-retinol\/","title":{"rendered":"K-SECRET Advanced Regenerating Eye Gel Patches: Retinol"},"content":{"rendered":"<div class=\"description-item active\">\n<div class=\"body\">\n<p>Comment l'utiliser :<\/p>\n<p>Apr\u00e8s avoir nettoy\u00e9 votre peau, utilisez la spatule pour appliquer les patchs pour les yeux sur les zones concern\u00e9es, telles que le contour des yeux, le front ou les rides d'expression. Laissez agir pendant environ 20 \u00e0 30 minutes. Apr\u00e8s avoir retir\u00e9 les patchs, tapotez l\u00e9g\u00e8rement la peau pour faire p\u00e9n\u00e9trer l'essence restante.<\/p>\n<p>Avertissement : Pour usage externe uniquement. Toujours effectuer un test \u00e9picutan\u00e9. Cessez d'utiliser le produit si vous ressentez une quelconque g\u00eane. Suivre les instructions suppl\u00e9mentaires figurant sur l'emballage. Les r\u00e9sultats individuels peuvent varier.<\/p>\n<\/div>\n<\/div>\n<div class=\"description-item\">\n<h2 class=\"title\"><\/h2>\n<\/div>","protected":false},"excerpt":{"rendered":"<p>Restaurez et raffermissez vos yeux fatigu\u00e9s gr\u00e2ce aux patchs hydrogel r\u00e9g\u00e9n\u00e9rants avanc\u00e9s. Enrichis en r\u00e9tinol et en ad\u00e9nosine, ils lissent les ridules, raffermissent la peau et procurent une hydratation durable.<\/p>","protected":false},"featured_media":10006,"comment_status":"open","ping_status":"closed","template":"","meta":{"om_disable_all_campaigns":false},"product_brand":[],"product_cat":[57,38,232,68],"product_tag":[],"class_list":{"0":"post-10003","1":"product","2":"type-product","3":"status-publish","4":"has-post-thumbnail","6":"product_cat-anti-aging","7":"product_cat-eye-care","8":"product_cat-ksecret","9":"product_cat-retinol","11":"first","12":"instock","13":"shipping-taxable","14":"purchasable","15":"product-type-simple"},"aioseo_notices":[],"jetpack_sharing_enabled":true,"_links":{"self":[{"href":"https:\/\/k-beautyci.com\/fr\/wp-json\/wp\/v2\/product\/10003","targetHints":{"allow":["GET"]}}],"collection":[{"href":"https:\/\/k-beautyci.com\/fr\/wp-json\/wp\/v2\/product"}],"about":[{"href":"https:\/\/k-beautyci.com\/fr\/wp-json\/wp\/v2\/types\/product"}],"replies":[{"embeddable":true,"href":"https:\/\/k-beautyci.com\/fr\/wp-json\/wp\/v2\/comments?post=10003"}],"wp:featuredmedia":[{"embeddable":true,"href":"https:\/\/k-beautyci.com\/fr\/wp-json\/wp\/v2\/media\/10006"}],"wp:attachment":[{"href":"https:\/\/k-beautyci.com\/fr\/wp-json\/wp\/v2\/media?parent=10003"}],"wp:term":[{"taxonomy":"product_brand","embeddable":true,"href":"https:\/\/k-beautyci.com\/fr\/wp-json\/wp\/v2\/product_brand?post=10003"},{"taxonomy":"product_cat","embeddable":true,"href":"https:\/\/k-beautyci.com\/fr\/wp-json\/wp\/v2\/product_cat?post=10003"},{"taxonomy":"product_tag","embeddable":true,"href":"https:\/\/k-beautyci.com\/fr\/wp-json\/wp\/v2\/product_tag?post=10003"}],"curies":[{"name":"wp","href":"https:\/\/api.w.org\/{rel}","templated":true}]}}